{"id":50830,"date":"2025-11-26T13:44:44","date_gmt":"2025-11-26T12:44:44","guid":{"rendered":"https:\/\/www.hirtenberg-apotheke.at\/katalog\/produkt\/rausch-hairspray-strong-non-aerosol-50-ml\/"},"modified":"2025-11-26T13:45:15","modified_gmt":"2025-11-26T12:45:15","slug":"rausch-hairspray-strong-non-aerosol-50-ml","status":"publish","type":"product","link":"https:\/\/www.hirtenberg-apotheke.at\/katalog\/produkt\/rausch-hairspray-strong-non-aerosol-50-ml\/","title":{"rendered":"Rausch Hairspray Strong Non-Aerosol 50 ml"},"content":{"rendered":"<p>Rausch Hairspray Strong Non-Aerosol bietet Ihrem Haar starken, dauerhaften Halt und besonderen Glanz. Es eignet sich perfekt f\u00fcr ein lockeres Finish oder zur Fixierung einzelner Haarpartien. Das Produkt enth\u00e4lt hochwertige Kr\u00e4uter- und Pflanzenextrakte, u.a pflegende Sonnenblume, die den Haaren Feuchtigkeit spendet und sie geschmeidig macht, sowie Sanddorn und Weizen, die einen brillianten Glanz verleihen.<\/p>\n","protected":false},"excerpt":{"rendered":"<p>Rausch Hairspray Strong Non-Aerosol bietet Ihrem Haar starken, dauerhaften Halt und besonderen Glanz. Es eignet sich perfekt f\u00fcr ein lockeres Finish oder zur Fixierung einzelner Haarpartien. Das Produkt enth\u00e4lt hochwertige Kr\u00e4uter- und Pflanzenextrakte, u.a pflegende Sonnenblume, die den Haaren Feuchtigkeit spendet und sie geschmeidig macht, sowie Sanddorn und Weizen, die einen brillianten Glanz verleihen.<\/p>\n","protected":false},"featured_media":50832,"template":"","meta":{"_acf_changed":false},"product_brand":[638],"product_cat":[311],"product_tag":[],"class_list":{"0":"post-50830","1":"product","2":"type-product","3":"status-publish","4":"has-post-thumbnail","6":"product_brand-rausch","7":"product_cat-r","8":"pa_packungsgroesse-50ml","10":"first","11":"instock","12":"shipping-taxable","13":"purchasable","14":"product-type-simple"},"acf":[],"_links":{"self":[{"href":"https:\/\/www.hirtenberg-apotheke.at\/katalog\/wp-json\/wp\/v2\/product\/50830","targetHints":{"allow":["GET"]}}],"collection":[{"href":"https:\/\/www.hirtenberg-apotheke.at\/katalog\/wp-json\/wp\/v2\/product"}],"about":[{"href":"https:\/\/www.hirtenberg-apotheke.at\/katalog\/wp-json\/wp\/v2\/types\/product"}],"wp:featuredmedia":[{"embeddable":true,"href":"https:\/\/www.hirtenberg-apotheke.at\/katalog\/wp-json\/wp\/v2\/media\/50832"}],"wp:attachment":[{"href":"https:\/\/www.hirtenberg-apotheke.at\/katalog\/wp-json\/wp\/v2\/media?parent=50830"}],"wp:term":[{"taxonomy":"product_brand","embeddable":true,"href":"https:\/\/www.hirtenberg-apotheke.at\/katalog\/wp-json\/wp\/v2\/product_brand?post=50830"},{"taxonomy":"product_cat","embeddable":true,"href":"https:\/\/www.hirtenberg-apotheke.at\/katalog\/wp-json\/wp\/v2\/product_cat?post=50830"},{"taxonomy":"product_tag","embeddable":true,"href":"https:\/\/www.hirtenberg-apotheke.at\/katalog\/wp-json\/wp\/v2\/product_tag?post=50830"}],"curies":[{"name":"wp","href":"https:\/\/api.w.org\/{rel}","templated":true}]}}