{"id":50944,"date":"2025-11-26T13:47:19","date_gmt":"2025-11-26T12:47:19","guid":{"rendered":"https:\/\/www.hirtenberg-apotheke.at\/katalog\/produkt\/tetesept-omega-3-1000-kapseln-80-stk\/"},"modified":"2025-11-26T13:47:37","modified_gmt":"2025-11-26T12:47:37","slug":"tetesept-omega-3-1000-kapseln-80-stk","status":"publish","type":"product","link":"https:\/\/www.hirtenberg-apotheke.at\/katalog\/produkt\/tetesept-omega-3-1000-kapseln-80-stk\/","title":{"rendered":"Tetesept Omega-3 1000 Kapseln 80 Stk."},"content":{"rendered":"<p>Tetesept Omega-3 1000 Kapseln dienen einer herzgesunden Ern\u00e4hrung. Das enthaltene Vitamin E unterst\u00fctzt den Abbau freier Radikale und hilft dadurch Gef\u00e4\u00dfe und Zellen gesund zu erhalten.<\/p>\n","protected":false},"excerpt":{"rendered":"<p>Tetesept Omega-3 1000 Kapseln dienen einer herzgesunden Ern\u00e4hrung. Das enthaltene Vitamin E unterst\u00fctzt den Abbau freier Radikale und hilft dadurch Gef\u00e4\u00dfe und Zellen gesund zu erhalten.<\/p>\n","protected":false},"featured_media":50946,"template":"","meta":{"_acf_changed":false},"product_brand":[468],"product_cat":[319],"product_tag":[],"class_list":{"0":"post-50944","1":"product","2":"type-product","3":"status-publish","4":"has-post-thumbnail","6":"product_brand-tetesept","7":"product_cat-t","8":"pa_packungsgroesse-80-stueck","10":"first","11":"instock","12":"shipping-taxable","13":"purchasable","14":"product-type-simple"},"acf":[],"_links":{"self":[{"href":"https:\/\/www.hirtenberg-apotheke.at\/katalog\/wp-json\/wp\/v2\/product\/50944","targetHints":{"allow":["GET"]}}],"collection":[{"href":"https:\/\/www.hirtenberg-apotheke.at\/katalog\/wp-json\/wp\/v2\/product"}],"about":[{"href":"https:\/\/www.hirtenberg-apotheke.at\/katalog\/wp-json\/wp\/v2\/types\/product"}],"wp:featuredmedia":[{"embeddable":true,"href":"https:\/\/www.hirtenberg-apotheke.at\/katalog\/wp-json\/wp\/v2\/media\/50946"}],"wp:attachment":[{"href":"https:\/\/www.hirtenberg-apotheke.at\/katalog\/wp-json\/wp\/v2\/media?parent=50944"}],"wp:term":[{"taxonomy":"product_brand","embeddable":true,"href":"https:\/\/www.hirtenberg-apotheke.at\/katalog\/wp-json\/wp\/v2\/product_brand?post=50944"},{"taxonomy":"product_cat","embeddable":true,"href":"https:\/\/www.hirtenberg-apotheke.at\/katalog\/wp-json\/wp\/v2\/product_cat?post=50944"},{"taxonomy":"product_tag","embeddable":true,"href":"https:\/\/www.hirtenberg-apotheke.at\/katalog\/wp-json\/wp\/v2\/product_tag?post=50944"}],"curies":[{"name":"wp","href":"https:\/\/api.w.org\/{rel}","templated":true}]}}