{"id":50978,"date":"2025-11-26T13:47:19","date_gmt":"2025-11-26T12:47:19","guid":{"rendered":"https:\/\/www.hirtenberg-apotheke.at\/katalog\/produkt\/nutriglucan-tabletten-90-stk\/"},"modified":"2025-11-26T13:48:09","modified_gmt":"2025-11-26T12:48:09","slug":"nutriglucan-tabletten-90-stk","status":"publish","type":"product","link":"https:\/\/www.hirtenberg-apotheke.at\/katalog\/produkt\/nutriglucan-tabletten-90-stk\/","title":{"rendered":"Nutriglucan Tabletten 90 Stk."},"content":{"rendered":"<p>Nutriglucan Tabletten sorgen f\u00fcr ein stabiles Immunsystem! So leistet dieses Mittel vor allem Menschen gute Dienste, deren Abwehrkr\u00e4fte durch besondere Belastungen  ob im Beruf oder anderen Lebensbereichen  beeintr\u00e4chtigt sind.<\/p>\n","protected":false},"excerpt":{"rendered":"<p>Nutriglucan Tabletten sorgen f\u00fcr ein stabiles Immunsystem! So leistet dieses Mittel vor allem Menschen gute Dienste, deren Abwehrkr\u00e4fte durch besondere Belastungen ob im Beruf oder anderen Lebensbereichen beeintr\u00e4chtigt sind.<\/p>\n","protected":false},"featured_media":50980,"template":"","meta":{"_acf_changed":false},"product_brand":[],"product_cat":[310],"product_tag":[],"class_list":{"0":"post-50978","1":"product","2":"type-product","3":"status-publish","4":"has-post-thumbnail","6":"product_cat-n","7":"pa_packungsgroesse-90-stueck","9":"first","10":"instock","11":"shipping-taxable","12":"purchasable","13":"product-type-simple"},"acf":[],"_links":{"self":[{"href":"https:\/\/www.hirtenberg-apotheke.at\/katalog\/wp-json\/wp\/v2\/product\/50978","targetHints":{"allow":["GET"]}}],"collection":[{"href":"https:\/\/www.hirtenberg-apotheke.at\/katalog\/wp-json\/wp\/v2\/product"}],"about":[{"href":"https:\/\/www.hirtenberg-apotheke.at\/katalog\/wp-json\/wp\/v2\/types\/product"}],"wp:featuredmedia":[{"embeddable":true,"href":"https:\/\/www.hirtenberg-apotheke.at\/katalog\/wp-json\/wp\/v2\/media\/50980"}],"wp:attachment":[{"href":"https:\/\/www.hirtenberg-apotheke.at\/katalog\/wp-json\/wp\/v2\/media?parent=50978"}],"wp:term":[{"taxonomy":"product_brand","embeddable":true,"href":"https:\/\/www.hirtenberg-apotheke.at\/katalog\/wp-json\/wp\/v2\/product_brand?post=50978"},{"taxonomy":"product_cat","embeddable":true,"href":"https:\/\/www.hirtenberg-apotheke.at\/katalog\/wp-json\/wp\/v2\/product_cat?post=50978"},{"taxonomy":"product_tag","embeddable":true,"href":"https:\/\/www.hirtenberg-apotheke.at\/katalog\/wp-json\/wp\/v2\/product_tag?post=50978"}],"curies":[{"name":"wp","href":"https:\/\/api.w.org\/{rel}","templated":true}]}}