{"id":51015,"date":"2025-11-26T13:48:25","date_gmt":"2025-11-26T12:48:25","guid":{"rendered":"https:\/\/www.hirtenberg-apotheke.at\/katalog\/produkt\/traubenkern-mehl-bio-5-jahreszeiten-450-g\/"},"modified":"2025-11-26T13:49:03","modified_gmt":"2025-11-26T12:49:03","slug":"traubenkern-mehl-bio-5-jahreszeiten-450-g","status":"publish","type":"product","link":"https:\/\/www.hirtenberg-apotheke.at\/katalog\/produkt\/traubenkern-mehl-bio-5-jahreszeiten-450-g\/","title":{"rendered":"Traubenkern Mehl Bio 5 Jahreszeiten 450 g"},"content":{"rendered":"<p>Traubenkern Mehl Bio 5 Jahreszeiten zeichnet sich als ausgezeichneten Radikalenf\u00e4nger aus und f\u00fchrt damit zu zahlreichen positiven Wirkungen. Das schonende Herstellungsverfahren sorgt daf\u00fcr, dass die wertvollen Inhaltsstoffe erhalten bleiben. Aus diesen sticht vor allem der hohe Anteil an OPC heraus.<\/p>\n","protected":false},"excerpt":{"rendered":"<p>Traubenkern Mehl Bio 5 Jahreszeiten zeichnet sich als ausgezeichneten Radikalenf\u00e4nger aus und f\u00fchrt damit zu zahlreichen positiven Wirkungen. Das schonende Herstellungsverfahren sorgt daf\u00fcr, dass die wertvollen Inhaltsstoffe erhalten bleiben. Aus diesen sticht vor allem der hohe Anteil an OPC heraus.<\/p>\n","protected":false},"featured_media":0,"template":"","meta":{"_acf_changed":false},"product_brand":[],"product_cat":[319],"product_tag":[],"class_list":{"0":"post-51015","1":"product","2":"type-product","3":"status-publish","5":"product_cat-t","6":"pa_packungsgroesse-450g","8":"first","9":"instock","10":"shipping-taxable","11":"purchasable","12":"product-type-simple"},"acf":[],"_links":{"self":[{"href":"https:\/\/www.hirtenberg-apotheke.at\/katalog\/wp-json\/wp\/v2\/product\/51015","targetHints":{"allow":["GET"]}}],"collection":[{"href":"https:\/\/www.hirtenberg-apotheke.at\/katalog\/wp-json\/wp\/v2\/product"}],"about":[{"href":"https:\/\/www.hirtenberg-apotheke.at\/katalog\/wp-json\/wp\/v2\/types\/product"}],"wp:attachment":[{"href":"https:\/\/www.hirtenberg-apotheke.at\/katalog\/wp-json\/wp\/v2\/media?parent=51015"}],"wp:term":[{"taxonomy":"product_brand","embeddable":true,"href":"https:\/\/www.hirtenberg-apotheke.at\/katalog\/wp-json\/wp\/v2\/product_brand?post=51015"},{"taxonomy":"product_cat","embeddable":true,"href":"https:\/\/www.hirtenberg-apotheke.at\/katalog\/wp-json\/wp\/v2\/product_cat?post=51015"},{"taxonomy":"product_tag","embeddable":true,"href":"https:\/\/www.hirtenberg-apotheke.at\/katalog\/wp-json\/wp\/v2\/product_tag?post=51015"}],"curies":[{"name":"wp","href":"https:\/\/api.w.org\/{rel}","templated":true}]}}