{"id":51019,"date":"2025-11-26T13:49:05","date_gmt":"2025-11-26T12:49:05","guid":{"rendered":"https:\/\/www.hirtenberg-apotheke.at\/katalog\/produkt\/hopfen-tropfen-50-ml\/"},"modified":"2025-11-26T13:49:18","modified_gmt":"2025-11-26T12:49:18","slug":"hopfen-tropfen-50-ml","status":"publish","type":"product","link":"https:\/\/www.hirtenberg-apotheke.at\/katalog\/produkt\/hopfen-tropfen-50-ml\/","title":{"rendered":"Hopfen Tropfen 50 ml"},"content":{"rendered":"<p>Der Hopfen (Humulus lupulus) ist eine Kletterpflanze aus der Familie der Hanfgew\u00e4chse (Cannabaceae). Wild w\u00e4chst er bevorzugt an feuchten Standorten, wie z. B. Auw\u00e4ldern und Flussufern. In den mittelalterlichen Klosterg\u00e4rten wurde die Pflanze bereits zum Zweck der Getr\u00e4nkekonservierung angebaut. Auch heute wird der Gro\u00dfteil des kultivierten Hopfens als Konservierungs- und Geschmacksstoff in der Bierbrauerei eingesetzt. Verwendet werden ausschlie\u00dflich die gr\u00fcn-gelben weiblichen Bl\u00fctenst\u00e4nde, deren wichtigste Inhaltsstoffe die Harze (darunter die instabilen Bitterstoffe Humulon und Lupulon), Flavonoide, das \u00e4therische \u00d6l und die Proanthocyanidine sind. Die antibakterielle Wirkung des Hopfens erw\u00e4hnte bereits Hildegard von Bingen, indem sie darauf hinwies, dass seine Bitterkeit F\u00e4ulnis verhindert. Albertus Magnus lobte den Hopfen als Heilpflanze, er erw\u00e4hnte unter anderem seine schlaff\u00f6rdernde Wirkung. Ebenfalls ist bekannt, dass der Hopfen antibakteriell, beruhigend, blutreinigend, entz\u00fcndungshemmend, schmerzstillend und tonisierend sein soll, aber auch bei Magen- und Darmkr\u00e4mpfen, Herzklopfen und Schlafst\u00f6rungen ist er empfehlenswert.<\/p>\n","protected":false},"excerpt":{"rendered":"<p>Der Hopfen (Humulus lupulus) ist eine Kletterpflanze aus der Familie der Hanfgew\u00e4chse (Cannabaceae). Wild w\u00e4chst er bevorzugt an feuchten Standorten, wie z. B. Auw\u00e4ldern und Flussufern. In den mittelalterlichen Klosterg\u00e4rten wurde die Pflanze bereits zum Zweck der Getr\u00e4nkekonservierung angebaut. Auch heute wird der Gro\u00dfteil des kultivierten Hopfens als Konservierungs- und Geschmacksstoff in der Bierbrauerei eingesetzt. [&hellip;]<\/p>\n","protected":false},"featured_media":51021,"template":"","meta":{"_acf_changed":false},"product_brand":[],"product_cat":[330],"product_tag":[],"class_list":{"0":"post-51019","1":"product","2":"type-product","3":"status-publish","4":"has-post-thumbnail","6":"product_cat-h","7":"pa_packungsgroesse-50ml","9":"first","10":"instock","11":"shipping-taxable","12":"purchasable","13":"product-type-simple"},"acf":[],"_links":{"self":[{"href":"https:\/\/www.hirtenberg-apotheke.at\/katalog\/wp-json\/wp\/v2\/product\/51019","targetHints":{"allow":["GET"]}}],"collection":[{"href":"https:\/\/www.hirtenberg-apotheke.at\/katalog\/wp-json\/wp\/v2\/product"}],"about":[{"href":"https:\/\/www.hirtenberg-apotheke.at\/katalog\/wp-json\/wp\/v2\/types\/product"}],"wp:featuredmedia":[{"embeddable":true,"href":"https:\/\/www.hirtenberg-apotheke.at\/katalog\/wp-json\/wp\/v2\/media\/51021"}],"wp:attachment":[{"href":"https:\/\/www.hirtenberg-apotheke.at\/katalog\/wp-json\/wp\/v2\/media?parent=51019"}],"wp:term":[{"taxonomy":"product_brand","embeddable":true,"href":"https:\/\/www.hirtenberg-apotheke.at\/katalog\/wp-json\/wp\/v2\/product_brand?post=51019"},{"taxonomy":"product_cat","embeddable":true,"href":"https:\/\/www.hirtenberg-apotheke.at\/katalog\/wp-json\/wp\/v2\/product_cat?post=51019"},{"taxonomy":"product_tag","embeddable":true,"href":"https:\/\/www.hirtenberg-apotheke.at\/katalog\/wp-json\/wp\/v2\/product_tag?post=51019"}],"curies":[{"name":"wp","href":"https:\/\/api.w.org\/{rel}","templated":true}]}}