{"id":51168,"date":"2025-11-26T13:52:15","date_gmt":"2025-11-26T12:52:15","guid":{"rendered":"https:\/\/www.hirtenberg-apotheke.at\/katalog\/produkt\/sebamed-urea-5-handcreme-op-seb-75-ml\/"},"modified":"2025-11-26T13:52:32","modified_gmt":"2025-11-26T12:52:32","slug":"sebamed-urea-5-handcreme-op-seb-75-ml","status":"publish","type":"product","link":"https:\/\/www.hirtenberg-apotheke.at\/katalog\/produkt\/sebamed-urea-5-handcreme-op-seb-75-ml\/","title":{"rendered":"SEBAMED UREA 5% HANDCREME OP  SEB 75 ML"},"content":{"rendered":"<p>Die ausgesuchten Inhaltsstoffe von sebamed TROCKENE HAUT HANDCREME UREA AKUT 5% lindern sp\u00fcrbar Spannungsgef\u00fchl, Rauheit und Rissigkeit bei sehr trockener Haut und helfen, die nat\u00fcrliche Feuchtigkeitsbalance der Haut wieder herzustellen.<\/p>\n","protected":false},"excerpt":{"rendered":"<p>Die ausgesuchten Inhaltsstoffe von sebamed TROCKENE HAUT HANDCREME UREA AKUT 5% lindern sp\u00fcrbar Spannungsgef\u00fchl, Rauheit und Rissigkeit bei sehr trockener Haut und helfen, die nat\u00fcrliche Feuchtigkeitsbalance der Haut wieder herzustellen.<\/p>\n","protected":false},"featured_media":0,"template":"","meta":{"_acf_changed":false},"product_brand":[753],"product_cat":[303],"product_tag":[],"class_list":{"0":"post-51168","1":"product","2":"type-product","3":"status-publish","5":"product_brand-sebamed","6":"product_cat-s","7":"pa_packungsgroesse-75ml","9":"first","10":"instock","11":"shipping-taxable","12":"purchasable","13":"product-type-simple"},"acf":[],"_links":{"self":[{"href":"https:\/\/www.hirtenberg-apotheke.at\/katalog\/wp-json\/wp\/v2\/product\/51168","targetHints":{"allow":["GET"]}}],"collection":[{"href":"https:\/\/www.hirtenberg-apotheke.at\/katalog\/wp-json\/wp\/v2\/product"}],"about":[{"href":"https:\/\/www.hirtenberg-apotheke.at\/katalog\/wp-json\/wp\/v2\/types\/product"}],"wp:attachment":[{"href":"https:\/\/www.hirtenberg-apotheke.at\/katalog\/wp-json\/wp\/v2\/media?parent=51168"}],"wp:term":[{"taxonomy":"product_brand","embeddable":true,"href":"https:\/\/www.hirtenberg-apotheke.at\/katalog\/wp-json\/wp\/v2\/product_brand?post=51168"},{"taxonomy":"product_cat","embeddable":true,"href":"https:\/\/www.hirtenberg-apotheke.at\/katalog\/wp-json\/wp\/v2\/product_cat?post=51168"},{"taxonomy":"product_tag","embeddable":true,"href":"https:\/\/www.hirtenberg-apotheke.at\/katalog\/wp-json\/wp\/v2\/product_tag?post=51168"}],"curies":[{"name":"wp","href":"https:\/\/api.w.org\/{rel}","templated":true}]}}