{"id":51231,"date":"2025-11-26T13:53:13","date_gmt":"2025-11-26T12:53:13","guid":{"rendered":"https:\/\/www.hirtenberg-apotheke.at\/katalog\/produkt\/regulat-skin-energy-mousse-200-ml\/"},"modified":"2025-11-26T13:53:51","modified_gmt":"2025-11-26T12:53:51","slug":"regulat-skin-energy-mousse-200-ml","status":"publish","type":"product","link":"https:\/\/www.hirtenberg-apotheke.at\/katalog\/produkt\/regulat-skin-energy-mousse-200-ml\/","title":{"rendered":"Regulat Skin Energy Mousse 200 ml"},"content":{"rendered":"<p>Regulat Skin Energy Mousse ist ein kostbarer Feuchtigkeitsschaum zur t\u00e4glichen K\u00f6rper- und Gesichtspflege. Der Feuchtigkeitsschaum versch\u00f6nert normale, trockene bis extrem trockene, gereizte, anspruchsvolle und unreine Haut. Er eignet sich zur therapiebegleitenden Hautpflege bei Neurodermitis, Psoriasis, Ekzemen oder zum Anti-Aging.<\/p>\n","protected":false},"excerpt":{"rendered":"<p>Regulat Skin Energy Mousse ist ein kostbarer Feuchtigkeitsschaum zur t\u00e4glichen K\u00f6rper- und Gesichtspflege. Der Feuchtigkeitsschaum versch\u00f6nert normale, trockene bis extrem trockene, gereizte, anspruchsvolle und unreine Haut. Er eignet sich zur therapiebegleitenden Hautpflege bei Neurodermitis, Psoriasis, Ekzemen oder zum Anti-Aging.<\/p>\n","protected":false},"featured_media":51233,"template":"","meta":{"_acf_changed":false},"product_brand":[],"product_cat":[311],"product_tag":[],"class_list":{"0":"post-51231","1":"product","2":"type-product","3":"status-publish","4":"has-post-thumbnail","6":"product_cat-r","7":"pa_packungsgroesse-200ml","9":"first","10":"instock","11":"shipping-taxable","12":"purchasable","13":"product-type-simple"},"acf":[],"_links":{"self":[{"href":"https:\/\/www.hirtenberg-apotheke.at\/katalog\/wp-json\/wp\/v2\/product\/51231","targetHints":{"allow":["GET"]}}],"collection":[{"href":"https:\/\/www.hirtenberg-apotheke.at\/katalog\/wp-json\/wp\/v2\/product"}],"about":[{"href":"https:\/\/www.hirtenberg-apotheke.at\/katalog\/wp-json\/wp\/v2\/types\/product"}],"wp:featuredmedia":[{"embeddable":true,"href":"https:\/\/www.hirtenberg-apotheke.at\/katalog\/wp-json\/wp\/v2\/media\/51233"}],"wp:attachment":[{"href":"https:\/\/www.hirtenberg-apotheke.at\/katalog\/wp-json\/wp\/v2\/media?parent=51231"}],"wp:term":[{"taxonomy":"product_brand","embeddable":true,"href":"https:\/\/www.hirtenberg-apotheke.at\/katalog\/wp-json\/wp\/v2\/product_brand?post=51231"},{"taxonomy":"product_cat","embeddable":true,"href":"https:\/\/www.hirtenberg-apotheke.at\/katalog\/wp-json\/wp\/v2\/product_cat?post=51231"},{"taxonomy":"product_tag","embeddable":true,"href":"https:\/\/www.hirtenberg-apotheke.at\/katalog\/wp-json\/wp\/v2\/product_tag?post=51231"}],"curies":[{"name":"wp","href":"https:\/\/api.w.org\/{rel}","templated":true}]}}