{"id":51304,"date":"2025-11-26T13:55:22","date_gmt":"2025-11-26T12:55:22","guid":{"rendered":"https:\/\/www.hirtenberg-apotheke.at\/katalog\/produkt\/casida-magnesiumcitrat-pulver-vital-ohne-zusaetze\/"},"modified":"2025-11-26T13:55:34","modified_gmt":"2025-11-26T12:55:34","slug":"casida-magnesiumcitrat-pulver-vital-ohne-zusaetze","status":"publish","type":"product","link":"https:\/\/www.hirtenberg-apotheke.at\/katalog\/produkt\/casida-magnesiumcitrat-pulver-vital-ohne-zusaetze\/","title":{"rendered":"Casida MAGNESIUMCITRAT PULVER VITAL ohne Zus\u00e4tze"},"content":{"rendered":"<p>Casida Magnesiumcitrat Pulver Vital ist ein reines Magnesiumcitrat Pulver ohne k\u00fcnstliche Zusatzstoffe und dient zur Entspannung und Regeneration f\u00fcr K\u00f6rper und Geist.<\/p>\n","protected":false},"excerpt":{"rendered":"<p>Casida Magnesiumcitrat Pulver Vital ist ein reines Magnesiumcitrat Pulver ohne k\u00fcnstliche Zusatzstoffe und dient zur Entspannung und Regeneration f\u00fcr K\u00f6rper und Geist.<\/p>\n","protected":false},"featured_media":51306,"template":"","meta":{"_acf_changed":false},"product_brand":[],"product_cat":[337],"product_tag":[],"class_list":{"0":"post-51304","1":"product","2":"type-product","3":"status-publish","4":"has-post-thumbnail","6":"product_cat-c","7":"pa_packungsgroesse-200g","9":"first","10":"instock","11":"shipping-taxable","12":"purchasable","13":"product-type-simple"},"acf":[],"_links":{"self":[{"href":"https:\/\/www.hirtenberg-apotheke.at\/katalog\/wp-json\/wp\/v2\/product\/51304","targetHints":{"allow":["GET"]}}],"collection":[{"href":"https:\/\/www.hirtenberg-apotheke.at\/katalog\/wp-json\/wp\/v2\/product"}],"about":[{"href":"https:\/\/www.hirtenberg-apotheke.at\/katalog\/wp-json\/wp\/v2\/types\/product"}],"wp:featuredmedia":[{"embeddable":true,"href":"https:\/\/www.hirtenberg-apotheke.at\/katalog\/wp-json\/wp\/v2\/media\/51306"}],"wp:attachment":[{"href":"https:\/\/www.hirtenberg-apotheke.at\/katalog\/wp-json\/wp\/v2\/media?parent=51304"}],"wp:term":[{"taxonomy":"product_brand","embeddable":true,"href":"https:\/\/www.hirtenberg-apotheke.at\/katalog\/wp-json\/wp\/v2\/product_brand?post=51304"},{"taxonomy":"product_cat","embeddable":true,"href":"https:\/\/www.hirtenberg-apotheke.at\/katalog\/wp-json\/wp\/v2\/product_cat?post=51304"},{"taxonomy":"product_tag","embeddable":true,"href":"https:\/\/www.hirtenberg-apotheke.at\/katalog\/wp-json\/wp\/v2\/product_tag?post=51304"}],"curies":[{"name":"wp","href":"https:\/\/api.w.org\/{rel}","templated":true}]}}