{"id":51315,"date":"2025-11-26T13:55:22","date_gmt":"2025-11-26T12:55:22","guid":{"rendered":"https:\/\/www.hirtenberg-apotheke.at\/katalog\/produkt\/nuxe-sun-sonnencreme-gesicht-50-ml-lsf-30\/"},"modified":"2025-11-26T13:55:45","modified_gmt":"2025-11-26T12:55:45","slug":"nuxe-sun-sonnencreme-gesicht-50-ml-lsf-30","status":"publish","type":"product","link":"https:\/\/www.hirtenberg-apotheke.at\/katalog\/produkt\/nuxe-sun-sonnencreme-gesicht-50-ml-lsf-30\/","title":{"rendered":"Nuxe Sun Sonnencreme Gesicht 50 ml LSF 30"},"content":{"rendered":"<p>Nuxe Sun Sonnencreme Gesicht mit Wasser- und Sommerblumen garantiert einen Anti-Aging-Zellschutz und sorgt f\u00fcr eine perfekte Br\u00e4une. Sie ist speziell auf die feine Gesichtshaut abgestimmt, zieht schnell ein und hinterl\u00e4sst keinen wei\u00dfen Film. Mit einem sonnigen Duft von S\u00fc\u00dforangen, Tiar\u00e9-Bl\u00fcten und Vanille.<\/p>\n","protected":false},"excerpt":{"rendered":"<p>Nuxe Sun Sonnencreme Gesicht mit Wasser- und Sommerblumen garantiert einen Anti-Aging-Zellschutz und sorgt f\u00fcr eine perfekte Br\u00e4une. Sie ist speziell auf die feine Gesichtshaut abgestimmt, zieht schnell ein und hinterl\u00e4sst keinen wei\u00dfen Film. Mit einem sonnigen Duft von S\u00fc\u00dforangen, Tiar\u00e9-Bl\u00fcten und Vanille.<\/p>\n","protected":false},"featured_media":51317,"template":"","meta":{"_acf_changed":false},"product_brand":[720],"product_cat":[310],"product_tag":[],"class_list":{"0":"post-51315","1":"product","2":"type-product","3":"status-publish","4":"has-post-thumbnail","6":"product_brand-nuxe","7":"product_cat-n","8":"pa_packungsgroesse-50ml","10":"first","11":"instock","12":"shipping-taxable","13":"purchasable","14":"product-type-simple"},"acf":[],"_links":{"self":[{"href":"https:\/\/www.hirtenberg-apotheke.at\/katalog\/wp-json\/wp\/v2\/product\/51315","targetHints":{"allow":["GET"]}}],"collection":[{"href":"https:\/\/www.hirtenberg-apotheke.at\/katalog\/wp-json\/wp\/v2\/product"}],"about":[{"href":"https:\/\/www.hirtenberg-apotheke.at\/katalog\/wp-json\/wp\/v2\/types\/product"}],"wp:featuredmedia":[{"embeddable":true,"href":"https:\/\/www.hirtenberg-apotheke.at\/katalog\/wp-json\/wp\/v2\/media\/51317"}],"wp:attachment":[{"href":"https:\/\/www.hirtenberg-apotheke.at\/katalog\/wp-json\/wp\/v2\/media?parent=51315"}],"wp:term":[{"taxonomy":"product_brand","embeddable":true,"href":"https:\/\/www.hirtenberg-apotheke.at\/katalog\/wp-json\/wp\/v2\/product_brand?post=51315"},{"taxonomy":"product_cat","embeddable":true,"href":"https:\/\/www.hirtenberg-apotheke.at\/katalog\/wp-json\/wp\/v2\/product_cat?post=51315"},{"taxonomy":"product_tag","embeddable":true,"href":"https:\/\/www.hirtenberg-apotheke.at\/katalog\/wp-json\/wp\/v2\/product_tag?post=51315"}],"curies":[{"name":"wp","href":"https:\/\/api.w.org\/{rel}","templated":true}]}}