{"id":51338,"date":"2025-11-26T13:55:53","date_gmt":"2025-11-26T12:55:53","guid":{"rendered":"https:\/\/www.hirtenberg-apotheke.at\/katalog\/produkt\/floramed-astaxanthin-carotinoide-kapseln-60-stk\/"},"modified":"2025-11-26T13:56:02","modified_gmt":"2025-11-26T12:56:02","slug":"floramed-astaxanthin-carotinoide-kapseln-60-stk","status":"publish","type":"product","link":"https:\/\/www.hirtenberg-apotheke.at\/katalog\/produkt\/floramed-astaxanthin-carotinoide-kapseln-60-stk\/","title":{"rendered":"Floramed Astaxanthin &#8211; Carotinoide Kapseln &#8211; 60 Stk"},"content":{"rendered":"<p>Floramed Astaxanthin-Carotinoide, 60 Kapseln Riboflavin und Vitamin E tragen dazu bei, die Zellen vor oxidativem Stress zu sch\u00fctzen.\u00a0Dieses Produkt ist laktose- und glutenfrei sowie f\u00fcr Vegetarier und Veganer geeignet\u00a0.Health Claims &#8211; gesundheitsbezogene AussagenVitamin B2 und Vitamin E tragen dazu bei, die Zellen vor oxidativem Stress zu sch\u00fctzenVitamin B2 tr\u00e4gt zu einem normalen Energiestoffwechsel beiVitamin C tr\u00e4gt zu einer normalen Funktion des Immunsystems bei<\/p>\n","protected":false},"excerpt":{"rendered":"<p>Floramed Astaxanthin-Carotinoide, 60 Kapseln Riboflavin und Vitamin E tragen dazu bei, die Zellen vor oxidativem Stress zu sch\u00fctzen.\u00a0Dieses Produkt ist laktose- und glutenfrei sowie f\u00fcr Vegetarier und Veganer geeignet\u00a0.Health Claims &#8211; gesundheitsbezogene AussagenVitamin B2 und Vitamin E tragen dazu bei, die Zellen vor oxidativem Stress zu sch\u00fctzenVitamin B2 tr\u00e4gt zu einem normalen Energiestoffwechsel beiVitamin C [&hellip;]<\/p>\n","protected":false},"featured_media":51340,"template":"","meta":{"_acf_changed":false},"product_brand":[],"product_cat":[322],"product_tag":[],"class_list":{"0":"post-51338","1":"product","2":"type-product","3":"status-publish","4":"has-post-thumbnail","6":"product_cat-f","7":"pa_packungsgroesse-60-stueck","9":"first","10":"instock","11":"shipping-taxable","12":"purchasable","13":"product-type-simple"},"acf":[],"_links":{"self":[{"href":"https:\/\/www.hirtenberg-apotheke.at\/katalog\/wp-json\/wp\/v2\/product\/51338","targetHints":{"allow":["GET"]}}],"collection":[{"href":"https:\/\/www.hirtenberg-apotheke.at\/katalog\/wp-json\/wp\/v2\/product"}],"about":[{"href":"https:\/\/www.hirtenberg-apotheke.at\/katalog\/wp-json\/wp\/v2\/types\/product"}],"wp:featuredmedia":[{"embeddable":true,"href":"https:\/\/www.hirtenberg-apotheke.at\/katalog\/wp-json\/wp\/v2\/media\/51340"}],"wp:attachment":[{"href":"https:\/\/www.hirtenberg-apotheke.at\/katalog\/wp-json\/wp\/v2\/media?parent=51338"}],"wp:term":[{"taxonomy":"product_brand","embeddable":true,"href":"https:\/\/www.hirtenberg-apotheke.at\/katalog\/wp-json\/wp\/v2\/product_brand?post=51338"},{"taxonomy":"product_cat","embeddable":true,"href":"https:\/\/www.hirtenberg-apotheke.at\/katalog\/wp-json\/wp\/v2\/product_cat?post=51338"},{"taxonomy":"product_tag","embeddable":true,"href":"https:\/\/www.hirtenberg-apotheke.at\/katalog\/wp-json\/wp\/v2\/product_tag?post=51338"}],"curies":[{"name":"wp","href":"https:\/\/api.w.org\/{rel}","templated":true}]}}