{"id":51361,"date":"2025-11-26T13:55:53","date_gmt":"2025-11-26T12:55:53","guid":{"rendered":"https:\/\/www.hirtenberg-apotheke.at\/katalog\/produkt\/carboflex-wundverband-10-stk-10-x-10-cm\/"},"modified":"2025-11-26T13:56:32","modified_gmt":"2025-11-26T12:56:32","slug":"carboflex-wundverband-10-stk-10-x-10-cm","status":"publish","type":"product","link":"https:\/\/www.hirtenberg-apotheke.at\/katalog\/produkt\/carboflex-wundverband-10-stk-10-x-10-cm\/","title":{"rendered":"Carboflex Wundverband 10 Stk. 10 x 10 cm"},"content":{"rendered":"<p>Carboflex Wundverband ist steril und nicht haftend. Der Verband wird f\u00fcr oberfl\u00e4chliche Wunden oder als Sekund\u00e4rverband \u00fcber einem Wundf\u00fcller (f\u00fcr tiefe Wunden) angewendet und wurde speziell f\u00fcr \u00fcbelriechende Wunden entwickelt.<\/p>\n","protected":false},"excerpt":{"rendered":"<p>Carboflex Wundverband ist steril und nicht haftend. Der Verband wird f\u00fcr oberfl\u00e4chliche Wunden oder als Sekund\u00e4rverband \u00fcber einem Wundf\u00fcller (f\u00fcr tiefe Wunden) angewendet und wurde speziell f\u00fcr \u00fcbelriechende Wunden entwickelt.<\/p>\n","protected":false},"featured_media":0,"template":"","meta":{"_acf_changed":false},"product_brand":[],"product_cat":[337],"product_tag":[],"class_list":{"0":"post-51361","1":"product","2":"type-product","3":"status-publish","5":"product_cat-c","6":"pa_packungsgroesse-10-stueck","8":"first","9":"instock","10":"shipping-taxable","11":"purchasable","12":"product-type-simple"},"acf":[],"_links":{"self":[{"href":"https:\/\/www.hirtenberg-apotheke.at\/katalog\/wp-json\/wp\/v2\/product\/51361","targetHints":{"allow":["GET"]}}],"collection":[{"href":"https:\/\/www.hirtenberg-apotheke.at\/katalog\/wp-json\/wp\/v2\/product"}],"about":[{"href":"https:\/\/www.hirtenberg-apotheke.at\/katalog\/wp-json\/wp\/v2\/types\/product"}],"wp:attachment":[{"href":"https:\/\/www.hirtenberg-apotheke.at\/katalog\/wp-json\/wp\/v2\/media?parent=51361"}],"wp:term":[{"taxonomy":"product_brand","embeddable":true,"href":"https:\/\/www.hirtenberg-apotheke.at\/katalog\/wp-json\/wp\/v2\/product_brand?post=51361"},{"taxonomy":"product_cat","embeddable":true,"href":"https:\/\/www.hirtenberg-apotheke.at\/katalog\/wp-json\/wp\/v2\/product_cat?post=51361"},{"taxonomy":"product_tag","embeddable":true,"href":"https:\/\/www.hirtenberg-apotheke.at\/katalog\/wp-json\/wp\/v2\/product_tag?post=51361"}],"curies":[{"name":"wp","href":"https:\/\/api.w.org\/{rel}","templated":true}]}}