{"id":51372,"date":"2025-11-26T13:56:31","date_gmt":"2025-11-26T12:56:31","guid":{"rendered":"https:\/\/www.hirtenberg-apotheke.at\/katalog\/produkt\/osp22-magnesium-kapseln-60-stk\/"},"modified":"2025-11-26T13:56:42","modified_gmt":"2025-11-26T12:56:42","slug":"osp22-magnesium-kapseln-60-stk","status":"publish","type":"product","link":"https:\/\/www.hirtenberg-apotheke.at\/katalog\/produkt\/osp22-magnesium-kapseln-60-stk\/","title":{"rendered":"OSP22 Magnesium Kapseln 60 Stk."},"content":{"rendered":"<p>OSP22 Magnesium Plus enth\u00e4lt eine spezielle Kombination aus vier verschiedenen Magnesiumverbindungen, die vom K\u00f6rper sehr gut aufgenommen werden k\u00f6nnen und ein breites Wirkungsfeld haben.  Magnesiumbisglycinat zur besseren Resorbtion im D\u00fcnndarm. Magnesiumcarbonat zur langsamen Aufnahme in die Zellen. Magnesiumcitrat mit bester Bioverf\u00fcgbarkeit. Magnesiumoxid zur S\u00e4ureneutralisation im Magen.<\/p>\n","protected":false},"excerpt":{"rendered":"<p>OSP22 Magnesium Plus enth\u00e4lt eine spezielle Kombination aus vier verschiedenen Magnesiumverbindungen, die vom K\u00f6rper sehr gut aufgenommen werden k\u00f6nnen und ein breites Wirkungsfeld haben. Magnesiumbisglycinat zur besseren Resorbtion im D\u00fcnndarm. Magnesiumcarbonat zur langsamen Aufnahme in die Zellen. Magnesiumcitrat mit bester Bioverf\u00fcgbarkeit. Magnesiumoxid zur S\u00e4ureneutralisation im Magen.<\/p>\n","protected":false},"featured_media":51374,"template":"","meta":{"_acf_changed":false},"product_brand":[],"product_cat":[349],"product_tag":[],"class_list":{"0":"post-51372","1":"product","2":"type-product","3":"status-publish","4":"has-post-thumbnail","6":"product_cat-o","7":"pa_packungsgroesse-60-stueck","9":"first","10":"instock","11":"shipping-taxable","12":"purchasable","13":"product-type-simple"},"acf":[],"_links":{"self":[{"href":"https:\/\/www.hirtenberg-apotheke.at\/katalog\/wp-json\/wp\/v2\/product\/51372","targetHints":{"allow":["GET"]}}],"collection":[{"href":"https:\/\/www.hirtenberg-apotheke.at\/katalog\/wp-json\/wp\/v2\/product"}],"about":[{"href":"https:\/\/www.hirtenberg-apotheke.at\/katalog\/wp-json\/wp\/v2\/types\/product"}],"wp:featuredmedia":[{"embeddable":true,"href":"https:\/\/www.hirtenberg-apotheke.at\/katalog\/wp-json\/wp\/v2\/media\/51374"}],"wp:attachment":[{"href":"https:\/\/www.hirtenberg-apotheke.at\/katalog\/wp-json\/wp\/v2\/media?parent=51372"}],"wp:term":[{"taxonomy":"product_brand","embeddable":true,"href":"https:\/\/www.hirtenberg-apotheke.at\/katalog\/wp-json\/wp\/v2\/product_brand?post=51372"},{"taxonomy":"product_cat","embeddable":true,"href":"https:\/\/www.hirtenberg-apotheke.at\/katalog\/wp-json\/wp\/v2\/product_cat?post=51372"},{"taxonomy":"product_tag","embeddable":true,"href":"https:\/\/www.hirtenberg-apotheke.at\/katalog\/wp-json\/wp\/v2\/product_tag?post=51372"}],"curies":[{"name":"wp","href":"https:\/\/api.w.org\/{rel}","templated":true}]}}