{"id":51402,"date":"2025-11-26T13:57:03","date_gmt":"2025-11-26T12:57:03","guid":{"rendered":"https:\/\/www.hirtenberg-apotheke.at\/katalog\/produkt\/osp22-motion-plus-kapseln-60-stk\/"},"modified":"2025-11-26T13:57:13","modified_gmt":"2025-11-26T12:57:13","slug":"osp22-motion-plus-kapseln-60-stk","status":"publish","type":"product","link":"https:\/\/www.hirtenberg-apotheke.at\/katalog\/produkt\/osp22-motion-plus-kapseln-60-stk\/","title":{"rendered":"OSP22 Motion Plus Kapseln 60 Stk."},"content":{"rendered":"<p>OSP22\u00ae Motion Plus Gelenke ist eine spezielle N\u00e4hrstoffkombination zur Unterst\u00fctzung von Knorpeln und Gelenken. Besonders dazu entwickelt, eine Therapie bei Gelenkschmerzen, Gelenksentz\u00fcndungen, erh\u00f6htem Gelenkverschlei\u00df oder anderen Problemen am Bewegungsapparat sinnvoll zu erg\u00e4nzen.<\/p>\n","protected":false},"excerpt":{"rendered":"<p>OSP22\u00ae Motion Plus Gelenke ist eine spezielle N\u00e4hrstoffkombination zur Unterst\u00fctzung von Knorpeln und Gelenken. Besonders dazu entwickelt, eine Therapie bei Gelenkschmerzen, Gelenksentz\u00fcndungen, erh\u00f6htem Gelenkverschlei\u00df oder anderen Problemen am Bewegungsapparat sinnvoll zu erg\u00e4nzen.<\/p>\n","protected":false},"featured_media":51404,"template":"","meta":{"_acf_changed":false},"product_brand":[],"product_cat":[349],"product_tag":[],"class_list":{"0":"post-51402","1":"product","2":"type-product","3":"status-publish","4":"has-post-thumbnail","6":"product_cat-o","7":"pa_packungsgroesse-60-stueck","9":"first","10":"instock","11":"shipping-taxable","12":"purchasable","13":"product-type-simple"},"acf":[],"_links":{"self":[{"href":"https:\/\/www.hirtenberg-apotheke.at\/katalog\/wp-json\/wp\/v2\/product\/51402","targetHints":{"allow":["GET"]}}],"collection":[{"href":"https:\/\/www.hirtenberg-apotheke.at\/katalog\/wp-json\/wp\/v2\/product"}],"about":[{"href":"https:\/\/www.hirtenberg-apotheke.at\/katalog\/wp-json\/wp\/v2\/types\/product"}],"wp:featuredmedia":[{"embeddable":true,"href":"https:\/\/www.hirtenberg-apotheke.at\/katalog\/wp-json\/wp\/v2\/media\/51404"}],"wp:attachment":[{"href":"https:\/\/www.hirtenberg-apotheke.at\/katalog\/wp-json\/wp\/v2\/media?parent=51402"}],"wp:term":[{"taxonomy":"product_brand","embeddable":true,"href":"https:\/\/www.hirtenberg-apotheke.at\/katalog\/wp-json\/wp\/v2\/product_brand?post=51402"},{"taxonomy":"product_cat","embeddable":true,"href":"https:\/\/www.hirtenberg-apotheke.at\/katalog\/wp-json\/wp\/v2\/product_cat?post=51402"},{"taxonomy":"product_tag","embeddable":true,"href":"https:\/\/www.hirtenberg-apotheke.at\/katalog\/wp-json\/wp\/v2\/product_tag?post=51402"}],"curies":[{"name":"wp","href":"https:\/\/api.w.org\/{rel}","templated":true}]}}