{"id":51422,"date":"2025-11-26T13:57:03","date_gmt":"2025-11-26T12:57:03","guid":{"rendered":"https:\/\/www.hirtenberg-apotheke.at\/katalog\/produkt\/junek-melatonin-2-mg-kapseln-30-stk\/"},"modified":"2025-11-26T13:57:39","modified_gmt":"2025-11-26T12:57:39","slug":"junek-melatonin-2-mg-kapseln-30-stk","status":"publish","type":"product","link":"https:\/\/www.hirtenberg-apotheke.at\/katalog\/produkt\/junek-melatonin-2-mg-kapseln-30-stk\/","title":{"rendered":"Junek Melatonin 2 mg Kapseln 30 Stk."},"content":{"rendered":"<p>Melatonin Junek Kapseln sind ein di\u00e4tetisches Lebensmittel f\u00fcr besondere medizinische Zwecke zur Behandlung von Jetlag. Melatonin tr\u00e4gt zur Linderung der subjektiven Jetlag-Empfindung bei und hilft, den circadianen Rhythmus zu regulieren.<\/p>\n","protected":false},"excerpt":{"rendered":"<p>Melatonin Junek Kapseln sind ein di\u00e4tetisches Lebensmittel f\u00fcr besondere medizinische Zwecke zur Behandlung von Jetlag. Melatonin tr\u00e4gt zur Linderung der subjektiven Jetlag-Empfindung bei und hilft, den circadianen Rhythmus zu regulieren.<\/p>\n","protected":false},"featured_media":51424,"template":"","meta":{"_acf_changed":false},"product_brand":[],"product_cat":[335],"product_tag":[],"class_list":{"0":"post-51422","1":"product","2":"type-product","3":"status-publish","4":"has-post-thumbnail","6":"product_cat-j","7":"pa_packungsgroesse-30-stueck","9":"first","10":"instock","11":"shipping-taxable","12":"purchasable","13":"product-type-simple"},"acf":[],"_links":{"self":[{"href":"https:\/\/www.hirtenberg-apotheke.at\/katalog\/wp-json\/wp\/v2\/product\/51422","targetHints":{"allow":["GET"]}}],"collection":[{"href":"https:\/\/www.hirtenberg-apotheke.at\/katalog\/wp-json\/wp\/v2\/product"}],"about":[{"href":"https:\/\/www.hirtenberg-apotheke.at\/katalog\/wp-json\/wp\/v2\/types\/product"}],"wp:featuredmedia":[{"embeddable":true,"href":"https:\/\/www.hirtenberg-apotheke.at\/katalog\/wp-json\/wp\/v2\/media\/51424"}],"wp:attachment":[{"href":"https:\/\/www.hirtenberg-apotheke.at\/katalog\/wp-json\/wp\/v2\/media?parent=51422"}],"wp:term":[{"taxonomy":"product_brand","embeddable":true,"href":"https:\/\/www.hirtenberg-apotheke.at\/katalog\/wp-json\/wp\/v2\/product_brand?post=51422"},{"taxonomy":"product_cat","embeddable":true,"href":"https:\/\/www.hirtenberg-apotheke.at\/katalog\/wp-json\/wp\/v2\/product_cat?post=51422"},{"taxonomy":"product_tag","embeddable":true,"href":"https:\/\/www.hirtenberg-apotheke.at\/katalog\/wp-json\/wp\/v2\/product_tag?post=51422"}],"curies":[{"name":"wp","href":"https:\/\/api.w.org\/{rel}","templated":true}]}}