{"id":51434,"date":"2025-11-26T13:57:52","date_gmt":"2025-11-26T12:57:52","guid":{"rendered":"https:\/\/www.hirtenberg-apotheke.at\/katalog\/produkt\/nuxe-men-rasiergel-gegen-hautirritationen-150-ml\/"},"modified":"2025-11-26T13:57:55","modified_gmt":"2025-11-26T12:57:55","slug":"nuxe-men-rasiergel-gegen-hautirritationen-150-ml","status":"publish","type":"product","link":"https:\/\/www.hirtenberg-apotheke.at\/katalog\/produkt\/nuxe-men-rasiergel-gegen-hautirritationen-150-ml\/","title":{"rendered":"Nuxe Men Rasiergel gegen Hautirritationen 150 ml"},"content":{"rendered":"<p>Nuxe Men Rasiergel gegen Hautirritationen ist ein dichter, cremiger Rasierschaum in Gelform mit Sandelholzextrakten. Er erm\u00f6glicht eine einfache und pr\u00e4zise Rasur ohne Hautirritationen und mindert au\u00dferdem das Auftreten eingewachsener H\u00e4rchen. Mit einem maskulin-w\u00fcrzigen Holzduft.<\/p>\n","protected":false},"excerpt":{"rendered":"<p>Nuxe Men Rasiergel gegen Hautirritationen ist ein dichter, cremiger Rasierschaum in Gelform mit Sandelholzextrakten. Er erm\u00f6glicht eine einfache und pr\u00e4zise Rasur ohne Hautirritationen und mindert au\u00dferdem das Auftreten eingewachsener H\u00e4rchen. Mit einem maskulin-w\u00fcrzigen Holzduft.<\/p>\n","protected":false},"featured_media":51436,"template":"","meta":{"_acf_changed":false},"product_brand":[720],"product_cat":[310],"product_tag":[],"class_list":{"0":"post-51434","1":"product","2":"type-product","3":"status-publish","4":"has-post-thumbnail","6":"product_brand-nuxe","7":"product_cat-n","8":"pa_packungsgroesse-150ml","10":"first","11":"instock","12":"shipping-taxable","13":"purchasable","14":"product-type-simple"},"acf":[],"_links":{"self":[{"href":"https:\/\/www.hirtenberg-apotheke.at\/katalog\/wp-json\/wp\/v2\/product\/51434","targetHints":{"allow":["GET"]}}],"collection":[{"href":"https:\/\/www.hirtenberg-apotheke.at\/katalog\/wp-json\/wp\/v2\/product"}],"about":[{"href":"https:\/\/www.hirtenberg-apotheke.at\/katalog\/wp-json\/wp\/v2\/types\/product"}],"wp:featuredmedia":[{"embeddable":true,"href":"https:\/\/www.hirtenberg-apotheke.at\/katalog\/wp-json\/wp\/v2\/media\/51436"}],"wp:attachment":[{"href":"https:\/\/www.hirtenberg-apotheke.at\/katalog\/wp-json\/wp\/v2\/media?parent=51434"}],"wp:term":[{"taxonomy":"product_brand","embeddable":true,"href":"https:\/\/www.hirtenberg-apotheke.at\/katalog\/wp-json\/wp\/v2\/product_brand?post=51434"},{"taxonomy":"product_cat","embeddable":true,"href":"https:\/\/www.hirtenberg-apotheke.at\/katalog\/wp-json\/wp\/v2\/product_cat?post=51434"},{"taxonomy":"product_tag","embeddable":true,"href":"https:\/\/www.hirtenberg-apotheke.at\/katalog\/wp-json\/wp\/v2\/product_tag?post=51434"}],"curies":[{"name":"wp","href":"https:\/\/api.w.org\/{rel}","templated":true}]}}