{"id":51443,"date":"2025-11-26T13:57:52","date_gmt":"2025-11-26T12:57:52","guid":{"rendered":"https:\/\/www.hirtenberg-apotheke.at\/katalog\/produkt\/espara-spargel-kapseln-brennessel-60-stk\/"},"modified":"2025-11-26T13:58:02","modified_gmt":"2025-11-26T12:58:02","slug":"espara-spargel-kapseln-brennessel-60-stk","status":"publish","type":"product","link":"https:\/\/www.hirtenberg-apotheke.at\/katalog\/produkt\/espara-spargel-kapseln-brennessel-60-stk\/","title":{"rendered":"Espara Spargel Kapseln Brennessel 60 Stk."},"content":{"rendered":"<p>Espara Spargel Kapseln Brennessel sind ein Nahrungserg\u00e4nzungsmittel mit Spargel und Brennnessel. Spargel ist sehr kalorienarm und wird als Gem\u00fcse gesch\u00e4tzt. Die Brennnessel wird h\u00e4ufig f\u00fcr Reinigungskuren empfohlen.<\/p>\n","protected":false},"excerpt":{"rendered":"<p>Espara Spargel Kapseln Brennessel sind ein Nahrungserg\u00e4nzungsmittel mit Spargel und Brennnessel. Spargel ist sehr kalorienarm und wird als Gem\u00fcse gesch\u00e4tzt. Die Brennnessel wird h\u00e4ufig f\u00fcr Reinigungskuren empfohlen.<\/p>\n","protected":false},"featured_media":0,"template":"","meta":{"_acf_changed":false},"product_brand":[341],"product_cat":[307],"product_tag":[],"class_list":{"0":"post-51443","1":"product","2":"type-product","3":"status-publish","5":"product_brand-espara","6":"product_cat-e","7":"pa_packungsgroesse-60-stueck","9":"first","10":"instock","11":"shipping-taxable","12":"purchasable","13":"product-type-simple"},"acf":[],"_links":{"self":[{"href":"https:\/\/www.hirtenberg-apotheke.at\/katalog\/wp-json\/wp\/v2\/product\/51443","targetHints":{"allow":["GET"]}}],"collection":[{"href":"https:\/\/www.hirtenberg-apotheke.at\/katalog\/wp-json\/wp\/v2\/product"}],"about":[{"href":"https:\/\/www.hirtenberg-apotheke.at\/katalog\/wp-json\/wp\/v2\/types\/product"}],"wp:attachment":[{"href":"https:\/\/www.hirtenberg-apotheke.at\/katalog\/wp-json\/wp\/v2\/media?parent=51443"}],"wp:term":[{"taxonomy":"product_brand","embeddable":true,"href":"https:\/\/www.hirtenberg-apotheke.at\/katalog\/wp-json\/wp\/v2\/product_brand?post=51443"},{"taxonomy":"product_cat","embeddable":true,"href":"https:\/\/www.hirtenberg-apotheke.at\/katalog\/wp-json\/wp\/v2\/product_cat?post=51443"},{"taxonomy":"product_tag","embeddable":true,"href":"https:\/\/www.hirtenberg-apotheke.at\/katalog\/wp-json\/wp\/v2\/product_tag?post=51443"}],"curies":[{"name":"wp","href":"https:\/\/api.w.org\/{rel}","templated":true}]}}