{"id":51452,"date":"2025-11-26T13:57:52","date_gmt":"2025-11-26T12:57:52","guid":{"rendered":"https:\/\/www.hirtenberg-apotheke.at\/katalog\/produkt\/ehrmed-gruenlippmuschel-kapseln-90-stk\/"},"modified":"2025-11-26T13:58:11","modified_gmt":"2025-11-26T12:58:11","slug":"ehrmed-gruenlippmuschel-kapseln-90-stk","status":"publish","type":"product","link":"https:\/\/www.hirtenberg-apotheke.at\/katalog\/produkt\/ehrmed-gruenlippmuschel-kapseln-90-stk\/","title":{"rendered":"Ehrmed Gr\u00fcnlippmuschel Kapseln 90 Stk."},"content":{"rendered":"<p>Ehrmed Gr\u00fcnlippmuschel Kapseln tragen zur normalen Funktion der Gelenke und Knorpel bei. F\u00fcr gesunde Gelenke.<\/p>\n","protected":false},"excerpt":{"rendered":"<p>Ehrmed Gr\u00fcnlippmuschel Kapseln tragen zur normalen Funktion der Gelenke und Knorpel bei. F\u00fcr gesunde Gelenke.<\/p>\n","protected":false},"featured_media":51454,"template":"","meta":{"_acf_changed":false},"product_brand":[],"product_cat":[307],"product_tag":[],"class_list":{"0":"post-51452","1":"product","2":"type-product","3":"status-publish","4":"has-post-thumbnail","6":"product_cat-e","7":"pa_packungsgroesse-90-stueck","9":"first","10":"instock","11":"shipping-taxable","12":"purchasable","13":"product-type-simple"},"acf":[],"_links":{"self":[{"href":"https:\/\/www.hirtenberg-apotheke.at\/katalog\/wp-json\/wp\/v2\/product\/51452","targetHints":{"allow":["GET"]}}],"collection":[{"href":"https:\/\/www.hirtenberg-apotheke.at\/katalog\/wp-json\/wp\/v2\/product"}],"about":[{"href":"https:\/\/www.hirtenberg-apotheke.at\/katalog\/wp-json\/wp\/v2\/types\/product"}],"wp:featuredmedia":[{"embeddable":true,"href":"https:\/\/www.hirtenberg-apotheke.at\/katalog\/wp-json\/wp\/v2\/media\/51454"}],"wp:attachment":[{"href":"https:\/\/www.hirtenberg-apotheke.at\/katalog\/wp-json\/wp\/v2\/media?parent=51452"}],"wp:term":[{"taxonomy":"product_brand","embeddable":true,"href":"https:\/\/www.hirtenberg-apotheke.at\/katalog\/wp-json\/wp\/v2\/product_brand?post=51452"},{"taxonomy":"product_cat","embeddable":true,"href":"https:\/\/www.hirtenberg-apotheke.at\/katalog\/wp-json\/wp\/v2\/product_cat?post=51452"},{"taxonomy":"product_tag","embeddable":true,"href":"https:\/\/www.hirtenberg-apotheke.at\/katalog\/wp-json\/wp\/v2\/product_tag?post=51452"}],"curies":[{"name":"wp","href":"https:\/\/api.w.org\/{rel}","templated":true}]}}