{"id":51504,"date":"2025-11-26T13:58:30","date_gmt":"2025-11-26T12:58:30","guid":{"rendered":"https:\/\/www.hirtenberg-apotheke.at\/katalog\/produkt\/norsan-omega-3-arktis-oel-150ml\/"},"modified":"2025-11-26T13:59:25","modified_gmt":"2025-11-26T12:59:25","slug":"norsan-omega-3-arktis-oel-150ml","status":"publish","type":"product","link":"https:\/\/www.hirtenberg-apotheke.at\/katalog\/produkt\/norsan-omega-3-arktis-oel-150ml\/","title":{"rendered":"NORSAN Omega 3 Arktis \u00d6l 150ML"},"content":{"rendered":"<p>Der n\u00e4hrstoffreiche kalte Arktische Ozean, in dem der Dorsch aufw\u00e4chst und lebt, sichert eine einzigartige und hochwertige Qualit\u00e4t. Das nat\u00fcrliche Omega-3 Arktis Dorsch\u00f6l stammt aus Wildfang. Direkt vor der norwegischen K\u00fcste befindet sich das Fanggebiet. Der gefangene Fisch wird innerhalb von 2 Stunden verarbeitet. Um den Fang so frisch wie m\u00f6glich zu liefern, laufen die Boote der Fischereiflotte jeden Tag in den Hafen ein.<\/p>\n","protected":false},"excerpt":{"rendered":"<p>Der n\u00e4hrstoffreiche kalte Arktische Ozean, in dem der Dorsch aufw\u00e4chst und lebt, sichert eine einzigartige und hochwertige Qualit\u00e4t. Das nat\u00fcrliche Omega-3 Arktis Dorsch\u00f6l stammt aus Wildfang. Direkt vor der norwegischen K\u00fcste befindet sich das Fanggebiet. Der gefangene Fisch wird innerhalb von 2 Stunden verarbeitet. Um den Fang so frisch wie m\u00f6glich zu liefern, laufen die [&hellip;]<\/p>\n","protected":false},"featured_media":51506,"template":"","meta":{"_acf_changed":false},"product_brand":[],"product_cat":[310],"product_tag":[],"class_list":{"0":"post-51504","1":"product","2":"type-product","3":"status-publish","4":"has-post-thumbnail","6":"product_cat-n","7":"pa_geschmack-zitrone","8":"pa_packungsgroesse-200ml","10":"first","11":"instock","12":"shipping-taxable","13":"purchasable","14":"product-type-simple"},"acf":[],"_links":{"self":[{"href":"https:\/\/www.hirtenberg-apotheke.at\/katalog\/wp-json\/wp\/v2\/product\/51504","targetHints":{"allow":["GET"]}}],"collection":[{"href":"https:\/\/www.hirtenberg-apotheke.at\/katalog\/wp-json\/wp\/v2\/product"}],"about":[{"href":"https:\/\/www.hirtenberg-apotheke.at\/katalog\/wp-json\/wp\/v2\/types\/product"}],"wp:featuredmedia":[{"embeddable":true,"href":"https:\/\/www.hirtenberg-apotheke.at\/katalog\/wp-json\/wp\/v2\/media\/51506"}],"wp:attachment":[{"href":"https:\/\/www.hirtenberg-apotheke.at\/katalog\/wp-json\/wp\/v2\/media?parent=51504"}],"wp:term":[{"taxonomy":"product_brand","embeddable":true,"href":"https:\/\/www.hirtenberg-apotheke.at\/katalog\/wp-json\/wp\/v2\/product_brand?post=51504"},{"taxonomy":"product_cat","embeddable":true,"href":"https:\/\/www.hirtenberg-apotheke.at\/katalog\/wp-json\/wp\/v2\/product_cat?post=51504"},{"taxonomy":"product_tag","embeddable":true,"href":"https:\/\/www.hirtenberg-apotheke.at\/katalog\/wp-json\/wp\/v2\/product_tag?post=51504"}],"curies":[{"name":"wp","href":"https:\/\/api.w.org\/{rel}","templated":true}]}}