{"id":51541,"date":"2025-11-26T13:59:33","date_gmt":"2025-11-26T12:59:33","guid":{"rendered":"https:\/\/www.hirtenberg-apotheke.at\/katalog\/produkt\/medipharma-cosmetics-olivenoel-haut-in-balance-coupeliac-aufbauende-nachtpflege-50-ml\/"},"modified":"2025-11-26T14:00:18","modified_gmt":"2025-11-26T13:00:18","slug":"medipharma-cosmetics-olivenoel-haut-in-balance-coupeliac-aufbauende-nachtpflege-50-ml","status":"publish","type":"product","link":"https:\/\/www.hirtenberg-apotheke.at\/katalog\/produkt\/medipharma-cosmetics-olivenoel-haut-in-balance-coupeliac-aufbauende-nachtpflege-50-ml\/","title":{"rendered":"Medipharma Cosmetics Oliven\u00f6l Haut in Balance Coupeliac Aufbauende Nachtpflege 50 ml"},"content":{"rendered":"<p>Medipharma Cosmetics Oliven\u00f6l Haut in Balance Coupeliac Aufbauende Nachtpflege mit Thermalwasser enth\u00e4lt eine Wirkstoffkombination aus Panthenol, Calendula und Weihrauchextrakt. Die Regeneration der Haut wird angeregt und der Aufbau der nat\u00fcrlichen Hautschutzbarriere unterst\u00fctzt.<\/p>\n","protected":false},"excerpt":{"rendered":"<p>Medipharma Cosmetics Oliven\u00f6l Haut in Balance Coupeliac Aufbauende Nachtpflege mit Thermalwasser enth\u00e4lt eine Wirkstoffkombination aus Panthenol, Calendula und Weihrauchextrakt. Die Regeneration der Haut wird angeregt und der Aufbau der nat\u00fcrlichen Hautschutzbarriere unterst\u00fctzt.<\/p>\n","protected":false},"featured_media":0,"template":"","meta":{"_acf_changed":false},"product_brand":[],"product_cat":[308],"product_tag":[],"class_list":{"0":"post-51541","1":"product","2":"type-product","3":"status-publish","5":"product_cat-m","6":"pa_packungsgroesse-50ml","8":"first","9":"instock","10":"shipping-taxable","11":"purchasable","12":"product-type-simple"},"acf":[],"_links":{"self":[{"href":"https:\/\/www.hirtenberg-apotheke.at\/katalog\/wp-json\/wp\/v2\/product\/51541","targetHints":{"allow":["GET"]}}],"collection":[{"href":"https:\/\/www.hirtenberg-apotheke.at\/katalog\/wp-json\/wp\/v2\/product"}],"about":[{"href":"https:\/\/www.hirtenberg-apotheke.at\/katalog\/wp-json\/wp\/v2\/types\/product"}],"wp:attachment":[{"href":"https:\/\/www.hirtenberg-apotheke.at\/katalog\/wp-json\/wp\/v2\/media?parent=51541"}],"wp:term":[{"taxonomy":"product_brand","embeddable":true,"href":"https:\/\/www.hirtenberg-apotheke.at\/katalog\/wp-json\/wp\/v2\/product_brand?post=51541"},{"taxonomy":"product_cat","embeddable":true,"href":"https:\/\/www.hirtenberg-apotheke.at\/katalog\/wp-json\/wp\/v2\/product_cat?post=51541"},{"taxonomy":"product_tag","embeddable":true,"href":"https:\/\/www.hirtenberg-apotheke.at\/katalog\/wp-json\/wp\/v2\/product_tag?post=51541"}],"curies":[{"name":"wp","href":"https:\/\/api.w.org\/{rel}","templated":true}]}}