{"id":51592,"date":"2025-11-26T14:01:25","date_gmt":"2025-11-26T13:01:25","guid":{"rendered":"https:\/\/www.hirtenberg-apotheke.at\/katalog\/produkt\/okkluglas-uhrglasverband-skl-50-stk\/"},"modified":"2025-11-26T14:01:37","modified_gmt":"2025-11-26T13:01:37","slug":"okkluglas-uhrglasverband-skl-50-stk","status":"publish","type":"product","link":"https:\/\/www.hirtenberg-apotheke.at\/katalog\/produkt\/okkluglas-uhrglasverband-skl-50-stk\/","title":{"rendered":"Okkluglas Uhrglasverband Skl 50 Stk."},"content":{"rendered":"<p>Okkluglas Uhrglasverband ist ein hautfreundlicher und ergonomisch geformter medizinischer Helfer f\u00fcr die Augen. Die Kunststoffhaube ist leicht, stabil und sch\u00fctzt. Der Uhrglasverband liegt perfekt an und bietet h\u00f6chsten Komfort.<\/p>\n","protected":false},"excerpt":{"rendered":"<p>Okkluglas Uhrglasverband ist ein hautfreundlicher und ergonomisch geformter medizinischer Helfer f\u00fcr die Augen. Die Kunststoffhaube ist leicht, stabil und sch\u00fctzt. Der Uhrglasverband liegt perfekt an und bietet h\u00f6chsten Komfort.<\/p>\n","protected":false},"featured_media":0,"template":"","meta":{"_acf_changed":false},"product_brand":[],"product_cat":[349],"product_tag":[],"class_list":{"0":"post-51592","1":"product","2":"type-product","3":"status-publish","5":"product_cat-o","6":"pa_packungsgroesse-50-stueck","8":"first","9":"instock","10":"shipping-taxable","11":"purchasable","12":"product-type-simple"},"acf":[],"_links":{"self":[{"href":"https:\/\/www.hirtenberg-apotheke.at\/katalog\/wp-json\/wp\/v2\/product\/51592","targetHints":{"allow":["GET"]}}],"collection":[{"href":"https:\/\/www.hirtenberg-apotheke.at\/katalog\/wp-json\/wp\/v2\/product"}],"about":[{"href":"https:\/\/www.hirtenberg-apotheke.at\/katalog\/wp-json\/wp\/v2\/types\/product"}],"wp:attachment":[{"href":"https:\/\/www.hirtenberg-apotheke.at\/katalog\/wp-json\/wp\/v2\/media?parent=51592"}],"wp:term":[{"taxonomy":"product_brand","embeddable":true,"href":"https:\/\/www.hirtenberg-apotheke.at\/katalog\/wp-json\/wp\/v2\/product_brand?post=51592"},{"taxonomy":"product_cat","embeddable":true,"href":"https:\/\/www.hirtenberg-apotheke.at\/katalog\/wp-json\/wp\/v2\/product_cat?post=51592"},{"taxonomy":"product_tag","embeddable":true,"href":"https:\/\/www.hirtenberg-apotheke.at\/katalog\/wp-json\/wp\/v2\/product_tag?post=51592"}],"curies":[{"name":"wp","href":"https:\/\/api.w.org\/{rel}","templated":true}]}}