{"id":51657,"date":"2025-11-26T14:02:57","date_gmt":"2025-11-26T13:02:57","guid":{"rendered":"https:\/\/www.hirtenberg-apotheke.at\/katalog\/produkt\/madara-micellar-water-100-ml\/"},"modified":"2025-11-26T14:03:04","modified_gmt":"2025-11-26T13:03:04","slug":"madara-micellar-water-100-ml","status":"publish","type":"product","link":"https:\/\/www.hirtenberg-apotheke.at\/katalog\/produkt\/madara-micellar-water-100-ml\/","title":{"rendered":"Madara Micellar Water 100 ml"},"content":{"rendered":"<p>Madara Micellar Water entfernt in einem Schritt Make-up und  Unreinheiten, bringt auch empfindliche Haut ins Gleichgewichtund versorgt sie mit Feuchtigkeit.  Micellar Water ist die Komplettl\u00f6sung zur Reinigung ohne Absp\u00fclen und ideal zur t\u00e4glichen Anwendung und perfekt f\u00fcr Reisen. Das Produkt basiert auf der Grundlage von feuchtigkeitsspendender Aloe-Vera, n\u00e4hrender Hyalurons\u00e4ure und beruhigender nordischer Fingstrose .<\/p>\n","protected":false},"excerpt":{"rendered":"<p>Madara Micellar Water entfernt in einem Schritt Make-up und Unreinheiten, bringt auch empfindliche Haut ins Gleichgewichtund versorgt sie mit Feuchtigkeit. Micellar Water ist die Komplettl\u00f6sung zur Reinigung ohne Absp\u00fclen und ideal zur t\u00e4glichen Anwendung und perfekt f\u00fcr Reisen. Das Produkt basiert auf der Grundlage von feuchtigkeitsspendender Aloe-Vera, n\u00e4hrender Hyalurons\u00e4ure und beruhigender nordischer Fingstrose .<\/p>\n","protected":false},"featured_media":51659,"template":"","meta":{"_acf_changed":false},"product_brand":[1240],"product_cat":[308],"product_tag":[],"class_list":{"0":"post-51657","1":"product","2":"type-product","3":"status-publish","4":"has-post-thumbnail","6":"product_brand-madara","7":"product_cat-m","8":"pa_packungsgroesse-100ml","10":"first","11":"instock","12":"shipping-taxable","13":"purchasable","14":"product-type-simple"},"acf":[],"_links":{"self":[{"href":"https:\/\/www.hirtenberg-apotheke.at\/katalog\/wp-json\/wp\/v2\/product\/51657","targetHints":{"allow":["GET"]}}],"collection":[{"href":"https:\/\/www.hirtenberg-apotheke.at\/katalog\/wp-json\/wp\/v2\/product"}],"about":[{"href":"https:\/\/www.hirtenberg-apotheke.at\/katalog\/wp-json\/wp\/v2\/types\/product"}],"wp:featuredmedia":[{"embeddable":true,"href":"https:\/\/www.hirtenberg-apotheke.at\/katalog\/wp-json\/wp\/v2\/media\/51659"}],"wp:attachment":[{"href":"https:\/\/www.hirtenberg-apotheke.at\/katalog\/wp-json\/wp\/v2\/media?parent=51657"}],"wp:term":[{"taxonomy":"product_brand","embeddable":true,"href":"https:\/\/www.hirtenberg-apotheke.at\/katalog\/wp-json\/wp\/v2\/product_brand?post=51657"},{"taxonomy":"product_cat","embeddable":true,"href":"https:\/\/www.hirtenberg-apotheke.at\/katalog\/wp-json\/wp\/v2\/product_cat?post=51657"},{"taxonomy":"product_tag","embeddable":true,"href":"https:\/\/www.hirtenberg-apotheke.at\/katalog\/wp-json\/wp\/v2\/product_tag?post=51657"}],"curies":[{"name":"wp","href":"https:\/\/api.w.org\/{rel}","templated":true}]}}