{"id":51667,"date":"2025-11-26T14:02:57","date_gmt":"2025-11-26T13:02:57","guid":{"rendered":"https:\/\/www.hirtenberg-apotheke.at\/katalog\/produkt\/the-nutri-store-trauben-extrakt-opc-nativ-kapseln-200-stk\/"},"modified":"2025-11-26T14:03:10","modified_gmt":"2025-11-26T13:03:10","slug":"the-nutri-store-trauben-extrakt-opc-nativ-kapseln-200-stk","status":"publish","type":"product","link":"https:\/\/www.hirtenberg-apotheke.at\/katalog\/produkt\/the-nutri-store-trauben-extrakt-opc-nativ-kapseln-200-stk\/","title":{"rendered":"The Nutri Store Trauben Extrakt OPC Nativ Kapseln 200 Stk."},"content":{"rendered":"<p>The Nutri Store Traubenkern Extrakt 100 mg Kapseln enthalten 100 mg native Oligomere Procyanidine (OPC) sowie weitere Polyphenole aus Traubenkernen zusammen mit den antioxidativen Vitaminen C und E, die die OPC synergistisch erg\u00e4nzen. Bereits 2 Trauben Extrakt Kapseln t\u00e4glich versorgen Sie so mit wertvollen Vitalstoffen, die Ihr K\u00f6rper f\u00fcr Gesundheit, Vitalit\u00e4t und einen gesunden Kreislauf ben\u00f6tigt. Der Rohstoff zur Herstellung der Kapselh\u00fclle wird aus pflanzlicher Cellulose gewonnen und ist gelatinefrei.<\/p>\n","protected":false},"excerpt":{"rendered":"<p>The Nutri Store Traubenkern Extrakt 100 mg Kapseln enthalten 100 mg native Oligomere Procyanidine (OPC) sowie weitere Polyphenole aus Traubenkernen zusammen mit den antioxidativen Vitaminen C und E, die die OPC synergistisch erg\u00e4nzen. Bereits 2 Trauben Extrakt Kapseln t\u00e4glich versorgen Sie so mit wertvollen Vitalstoffen, die Ihr K\u00f6rper f\u00fcr Gesundheit, Vitalit\u00e4t und einen gesunden Kreislauf [&hellip;]<\/p>\n","protected":false},"featured_media":0,"template":"","meta":{"_acf_changed":false},"product_brand":[],"product_cat":[319],"product_tag":[],"class_list":{"0":"post-51667","1":"product","2":"type-product","3":"status-publish","5":"product_cat-t","6":"pa_packungsgroesse-200-stueck","8":"first","9":"instock","10":"shipping-taxable","11":"purchasable","12":"product-type-simple"},"acf":[],"_links":{"self":[{"href":"https:\/\/www.hirtenberg-apotheke.at\/katalog\/wp-json\/wp\/v2\/product\/51667","targetHints":{"allow":["GET"]}}],"collection":[{"href":"https:\/\/www.hirtenberg-apotheke.at\/katalog\/wp-json\/wp\/v2\/product"}],"about":[{"href":"https:\/\/www.hirtenberg-apotheke.at\/katalog\/wp-json\/wp\/v2\/types\/product"}],"wp:attachment":[{"href":"https:\/\/www.hirtenberg-apotheke.at\/katalog\/wp-json\/wp\/v2\/media?parent=51667"}],"wp:term":[{"taxonomy":"product_brand","embeddable":true,"href":"https:\/\/www.hirtenberg-apotheke.at\/katalog\/wp-json\/wp\/v2\/product_brand?post=51667"},{"taxonomy":"product_cat","embeddable":true,"href":"https:\/\/www.hirtenberg-apotheke.at\/katalog\/wp-json\/wp\/v2\/product_cat?post=51667"},{"taxonomy":"product_tag","embeddable":true,"href":"https:\/\/www.hirtenberg-apotheke.at\/katalog\/wp-json\/wp\/v2\/product_tag?post=51667"}],"curies":[{"name":"wp","href":"https:\/\/api.w.org\/{rel}","templated":true}]}}