{"id":51768,"date":"2025-11-26T14:05:31","date_gmt":"2025-11-26T13:05:31","guid":{"rendered":"https:\/\/www.hirtenberg-apotheke.at\/katalog\/produkt\/ren-v-cense-revitalising-night-cream-50-ml\/"},"modified":"2025-11-26T14:05:35","modified_gmt":"2025-11-26T13:05:35","slug":"ren-v-cense-revitalising-night-cream-50-ml","status":"publish","type":"product","link":"https:\/\/www.hirtenberg-apotheke.at\/katalog\/produkt\/ren-v-cense-revitalising-night-cream-50-ml\/","title":{"rendered":"Ren V-Cense Revitalising Night Cream 50 ml"},"content":{"rendered":"<p>Ren V-Cense Revitalisierende Nachtcreme ist eine vielseitig wirkende Nachtcreme, die f\u00fcr einen ebenm\u00e4\u00dfigeren Hautton sorgt, die Zeichen der Hautalterung bek\u00e4mpft und die Haut die ganze Nacht \u00fcber intensiv mit Feuchtigkeit versorgt. Diese revitalisierende Nachtcreme reduziert auch sichtbar das Auftreten von feinen Linien und Falten, hinterl\u00e4sst ein weiches, straffes und glattes Hautgef\u00fchl und ist f\u00fcr den n\u00e4chtlichen Gebraucht geeignet.<\/p>\n","protected":false},"excerpt":{"rendered":"<p>Ren V-Cense Revitalisierende Nachtcreme ist eine vielseitig wirkende Nachtcreme, die f\u00fcr einen ebenm\u00e4\u00dfigeren Hautton sorgt, die Zeichen der Hautalterung bek\u00e4mpft und die Haut die ganze Nacht \u00fcber intensiv mit Feuchtigkeit versorgt. Diese revitalisierende Nachtcreme reduziert auch sichtbar das Auftreten von feinen Linien und Falten, hinterl\u00e4sst ein weiches, straffes und glattes Hautgef\u00fchl und ist f\u00fcr den [&hellip;]<\/p>\n","protected":false},"featured_media":0,"template":"","meta":{"_acf_changed":false},"product_brand":[],"product_cat":[311],"product_tag":[],"class_list":{"0":"post-51768","1":"product","2":"type-product","3":"status-publish","5":"product_cat-r","6":"pa_packungsgroesse-50ml","8":"first","9":"instock","10":"shipping-taxable","11":"purchasable","12":"product-type-simple"},"acf":[],"_links":{"self":[{"href":"https:\/\/www.hirtenberg-apotheke.at\/katalog\/wp-json\/wp\/v2\/product\/51768","targetHints":{"allow":["GET"]}}],"collection":[{"href":"https:\/\/www.hirtenberg-apotheke.at\/katalog\/wp-json\/wp\/v2\/product"}],"about":[{"href":"https:\/\/www.hirtenberg-apotheke.at\/katalog\/wp-json\/wp\/v2\/types\/product"}],"wp:attachment":[{"href":"https:\/\/www.hirtenberg-apotheke.at\/katalog\/wp-json\/wp\/v2\/media?parent=51768"}],"wp:term":[{"taxonomy":"product_brand","embeddable":true,"href":"https:\/\/www.hirtenberg-apotheke.at\/katalog\/wp-json\/wp\/v2\/product_brand?post=51768"},{"taxonomy":"product_cat","embeddable":true,"href":"https:\/\/www.hirtenberg-apotheke.at\/katalog\/wp-json\/wp\/v2\/product_cat?post=51768"},{"taxonomy":"product_tag","embeddable":true,"href":"https:\/\/www.hirtenberg-apotheke.at\/katalog\/wp-json\/wp\/v2\/product_tag?post=51768"}],"curies":[{"name":"wp","href":"https:\/\/api.w.org\/{rel}","templated":true}]}}