{"id":51824,"date":"2025-11-26T14:06:54","date_gmt":"2025-11-26T13:06:54","guid":{"rendered":"https:\/\/www.hirtenberg-apotheke.at\/katalog\/produkt\/onetouch-verio-flex-system-1-stk\/"},"modified":"2025-11-26T14:07:15","modified_gmt":"2025-11-26T13:07:15","slug":"onetouch-verio-flex-system-1-stk","status":"publish","type":"product","link":"https:\/\/www.hirtenberg-apotheke.at\/katalog\/produkt\/onetouch-verio-flex-system-1-stk\/","title":{"rendered":"Onetouch Verio Flex System 1 Stk."},"content":{"rendered":"<p>Sanova Pharma sorgt f\u00fcr wertvolle Therapie-, Behandlungs- und Diagnosem\u00f6glichkeiten im Gesundheitsmarkt, um die Lebensqualit\u00e4t unserer Mitmenschen zu verbessern.Daf\u00fcr sucht Sanova Pharma weltweit nach wertvollen Gesundheitsprodukten renommierter Hersteller, lizenziert diese Produkte ein und stellt sie dann dem \u00f6sterreichischen Gesundheitssystem zur Verf\u00fcgung.Sanova ist dabei das f\u00fchrende Brand Management-Unternehmen in \u00d6sterreich<\/p>\n","protected":false},"excerpt":{"rendered":"<p>Sanova Pharma sorgt f\u00fcr wertvolle Therapie-, Behandlungs- und Diagnosem\u00f6glichkeiten im Gesundheitsmarkt, um die Lebensqualit\u00e4t unserer Mitmenschen zu verbessern.Daf\u00fcr sucht Sanova Pharma weltweit nach wertvollen Gesundheitsprodukten renommierter Hersteller, lizenziert diese Produkte ein und stellt sie dann dem \u00f6sterreichischen Gesundheitssystem zur Verf\u00fcgung.Sanova ist dabei das f\u00fchrende Brand Management-Unternehmen in \u00d6sterreich<\/p>\n","protected":false},"featured_media":51826,"template":"","meta":{"_acf_changed":false},"product_brand":[],"product_cat":[349],"product_tag":[],"class_list":{"0":"post-51824","1":"product","2":"type-product","3":"status-publish","4":"has-post-thumbnail","6":"product_cat-o","7":"pa_packungsgroesse-1-stueck","9":"first","10":"instock","11":"shipping-taxable","12":"purchasable","13":"product-type-simple"},"acf":[],"_links":{"self":[{"href":"https:\/\/www.hirtenberg-apotheke.at\/katalog\/wp-json\/wp\/v2\/product\/51824","targetHints":{"allow":["GET"]}}],"collection":[{"href":"https:\/\/www.hirtenberg-apotheke.at\/katalog\/wp-json\/wp\/v2\/product"}],"about":[{"href":"https:\/\/www.hirtenberg-apotheke.at\/katalog\/wp-json\/wp\/v2\/types\/product"}],"wp:featuredmedia":[{"embeddable":true,"href":"https:\/\/www.hirtenberg-apotheke.at\/katalog\/wp-json\/wp\/v2\/media\/51826"}],"wp:attachment":[{"href":"https:\/\/www.hirtenberg-apotheke.at\/katalog\/wp-json\/wp\/v2\/media?parent=51824"}],"wp:term":[{"taxonomy":"product_brand","embeddable":true,"href":"https:\/\/www.hirtenberg-apotheke.at\/katalog\/wp-json\/wp\/v2\/product_brand?post=51824"},{"taxonomy":"product_cat","embeddable":true,"href":"https:\/\/www.hirtenberg-apotheke.at\/katalog\/wp-json\/wp\/v2\/product_cat?post=51824"},{"taxonomy":"product_tag","embeddable":true,"href":"https:\/\/www.hirtenberg-apotheke.at\/katalog\/wp-json\/wp\/v2\/product_tag?post=51824"}],"curies":[{"name":"wp","href":"https:\/\/api.w.org\/{rel}","templated":true}]}}