{"id":51855,"date":"2025-11-26T14:07:52","date_gmt":"2025-11-26T13:07:52","guid":{"rendered":"https:\/\/www.hirtenberg-apotheke.at\/katalog\/produkt\/vulsana-haemato-ex-pflegendes-koerper-oel\/"},"modified":"2025-11-26T14:08:06","modified_gmt":"2025-11-26T13:08:06","slug":"vulsana-haemato-ex-pflegendes-koerper-oel","status":"publish","type":"product","link":"https:\/\/www.hirtenberg-apotheke.at\/katalog\/produkt\/vulsana-haemato-ex-pflegendes-koerper-oel\/","title":{"rendered":"Vulsana H\u00e4mato EX pflegendes K\u00f6rper \u00d6l"},"content":{"rendered":"<p>Vulsana H&auml;mato EX kann als Pflege bei Hautverf&auml;rbungen, welche im Zuge von Verletzungen wie beispielsweise Prellungen entstanden sind, angewendet werden. Das enthaltene &auml;therische &Ouml;l der Immortelle f&ouml;rdert die Resorption von H&auml;matomen und hilft dadurch dem nat&uuml;rlichen Heilungsprozess. <\/p>\n<p>Die Mischung der verschiedenen nat&uuml;rlichen &auml;therischen &Ouml;le wirkt sich positiv auf den Organismus aus, wie etwa bei der Zellregeneration, aber auch bei der Wiederherstellung des Bindegewebes. Sie wirken durchblutungsf&ouml;rdernd, stark entz&uuml;ndungshemmend, geweberegenerierend und -straffend sowie auch hautpflegend. <\/p>\n<p>Vulsana H&auml;mato EX 50 ml<\/p>\n<h3>Anwendung:<\/h3>\n<p>Das Vulsana H&auml;mato EX pflegendes K&ouml;rper &Ouml;l 2 &#8211; 3 Mal t&auml;glich auf die betroffene Stelle mit<br \/>sanften Kreisbewegungen einmassieren.<\/p>\n<h3>Inhaltsstoffe:<\/h3>\n<p>Prunus amygdalus dulcis, Parfum (= Mischung 100% nautrreiner &auml;therischer &Ouml;le mit Immortelle, Cistrose, Lavendel). Tocopherol*, Geraniol*, Linalool*, Limonen*.<\/p>\n<p>*Bestandteile dieser &auml;therischen &Ouml;le<\/p>\n","protected":false},"excerpt":{"rendered":"<p>Vulsana H&auml;mato EX kann als Pflege bei Hautverf&auml;rbungen, welche im Zuge von Verletzungen wie beispielsweise Prellungen entstanden sind, angewendet werden. Das enthaltene &auml;therische &Ouml;l der Immortelle f&ouml;rdert die Resorption von H&auml;matomen und hilft dadurch dem nat&uuml;rlichen Heilungsprozess. Die Mischung der verschiedenen nat&uuml;rlichen &auml;therischen &Ouml;le wirkt sich positiv auf den Organismus aus, wie etwa bei der [&hellip;]<\/p>\n","protected":false},"featured_media":51857,"template":"","meta":{"_acf_changed":false},"product_brand":[],"product_cat":[300],"product_tag":[],"class_list":{"0":"post-51855","1":"product","2":"type-product","3":"status-publish","4":"has-post-thumbnail","6":"product_cat-v","7":"pa_packungsgroesse-50ml","9":"first","10":"instock","11":"shipping-taxable","12":"purchasable","13":"product-type-simple"},"acf":[],"_links":{"self":[{"href":"https:\/\/www.hirtenberg-apotheke.at\/katalog\/wp-json\/wp\/v2\/product\/51855","targetHints":{"allow":["GET"]}}],"collection":[{"href":"https:\/\/www.hirtenberg-apotheke.at\/katalog\/wp-json\/wp\/v2\/product"}],"about":[{"href":"https:\/\/www.hirtenberg-apotheke.at\/katalog\/wp-json\/wp\/v2\/types\/product"}],"wp:featuredmedia":[{"embeddable":true,"href":"https:\/\/www.hirtenberg-apotheke.at\/katalog\/wp-json\/wp\/v2\/media\/51857"}],"wp:attachment":[{"href":"https:\/\/www.hirtenberg-apotheke.at\/katalog\/wp-json\/wp\/v2\/media?parent=51855"}],"wp:term":[{"taxonomy":"product_brand","embeddable":true,"href":"https:\/\/www.hirtenberg-apotheke.at\/katalog\/wp-json\/wp\/v2\/product_brand?post=51855"},{"taxonomy":"product_cat","embeddable":true,"href":"https:\/\/www.hirtenberg-apotheke.at\/katalog\/wp-json\/wp\/v2\/product_cat?post=51855"},{"taxonomy":"product_tag","embeddable":true,"href":"https:\/\/www.hirtenberg-apotheke.at\/katalog\/wp-json\/wp\/v2\/product_tag?post=51855"}],"curies":[{"name":"wp","href":"https:\/\/api.w.org\/{rel}","templated":true}]}}