{"id":51872,"date":"2025-11-26T14:07:52","date_gmt":"2025-11-26T13:07:52","guid":{"rendered":"https:\/\/www.hirtenberg-apotheke.at\/katalog\/produkt\/casida-haemocalm-oel-repair-protect-20-ml\/"},"modified":"2025-11-26T14:08:17","modified_gmt":"2025-11-26T13:08:17","slug":"casida-haemocalm-oel-repair-protect-20-ml","status":"publish","type":"product","link":"https:\/\/www.hirtenberg-apotheke.at\/katalog\/produkt\/casida-haemocalm-oel-repair-protect-20-ml\/","title":{"rendered":"Casida H\u00e4moCalm \u00d6l Repair &#038; Protect 20 ml"},"content":{"rendered":"<p>Casida H\u00e4moCalm \u00d6l Repair &#038; Protect pflegt und sch\u00fctzt schnell und zuverl\u00e4ssig bei Juckreiz, Druckgef\u00fchl und Brennen im Analbereich. Das \u00d6l legt sich wie ein Schutzfilm auf die Haut und sch\u00fctzt die Haut vor dem Eindringen von Bakterien. Es pflegt durch seine rein pflanzlichen Inhaltsstoffe Entz\u00fcndungen, R\u00f6tungen und das Brennen im Analbereich.<\/p>\n","protected":false},"excerpt":{"rendered":"<p>Casida H\u00e4moCalm \u00d6l Repair &#038; Protect pflegt und sch\u00fctzt schnell und zuverl\u00e4ssig bei Juckreiz, Druckgef\u00fchl und Brennen im Analbereich. Das \u00d6l legt sich wie ein Schutzfilm auf die Haut und sch\u00fctzt die Haut vor dem Eindringen von Bakterien. Es pflegt durch seine rein pflanzlichen Inhaltsstoffe Entz\u00fcndungen, R\u00f6tungen und das Brennen im Analbereich.<\/p>\n","protected":false},"featured_media":51874,"template":"","meta":{"_acf_changed":false},"product_brand":[],"product_cat":[337],"product_tag":[],"class_list":{"0":"post-51872","1":"product","2":"type-product","3":"status-publish","4":"has-post-thumbnail","6":"product_cat-c","7":"pa_packungsgroesse-20ml","9":"first","10":"instock","11":"shipping-taxable","12":"purchasable","13":"product-type-simple"},"acf":[],"_links":{"self":[{"href":"https:\/\/www.hirtenberg-apotheke.at\/katalog\/wp-json\/wp\/v2\/product\/51872","targetHints":{"allow":["GET"]}}],"collection":[{"href":"https:\/\/www.hirtenberg-apotheke.at\/katalog\/wp-json\/wp\/v2\/product"}],"about":[{"href":"https:\/\/www.hirtenberg-apotheke.at\/katalog\/wp-json\/wp\/v2\/types\/product"}],"wp:featuredmedia":[{"embeddable":true,"href":"https:\/\/www.hirtenberg-apotheke.at\/katalog\/wp-json\/wp\/v2\/media\/51874"}],"wp:attachment":[{"href":"https:\/\/www.hirtenberg-apotheke.at\/katalog\/wp-json\/wp\/v2\/media?parent=51872"}],"wp:term":[{"taxonomy":"product_brand","embeddable":true,"href":"https:\/\/www.hirtenberg-apotheke.at\/katalog\/wp-json\/wp\/v2\/product_brand?post=51872"},{"taxonomy":"product_cat","embeddable":true,"href":"https:\/\/www.hirtenberg-apotheke.at\/katalog\/wp-json\/wp\/v2\/product_cat?post=51872"},{"taxonomy":"product_tag","embeddable":true,"href":"https:\/\/www.hirtenberg-apotheke.at\/katalog\/wp-json\/wp\/v2\/product_tag?post=51872"}],"curies":[{"name":"wp","href":"https:\/\/api.w.org\/{rel}","templated":true}]}}