{"id":51977,"date":"2025-11-26T14:09:41","date_gmt":"2025-11-26T13:09:41","guid":{"rendered":"https:\/\/www.hirtenberg-apotheke.at\/katalog\/produkt\/hamamelis-creme-50-g\/"},"modified":"2025-11-26T14:10:41","modified_gmt":"2025-11-26T13:10:41","slug":"hamamelis-creme-50-g","status":"publish","type":"product","link":"https:\/\/www.hirtenberg-apotheke.at\/katalog\/produkt\/hamamelis-creme-50-g\/","title":{"rendered":"Hamamelis Creme 50 g"},"content":{"rendered":"<p>Hamamelis Creme lindert den Juckreiz und wirkt der Entz\u00fcndung entgegen. Die W\u00e4nde der H\u00e4morrhoidalvenen werden gest\u00e4rkt, so dass sie sich wieder in ihre urspr\u00fcngliche Form zur\u00fcckziehen k\u00f6nnen. Zaubernuss hat blutstillende Eigenschaften und hemmt die Entz\u00fcndung. Stibium metallicum praeparatum unterst\u00fctzt die Haut bei der Heilung. N\u00e4ssende Stellen trocknen ab.<\/p>\n","protected":false},"excerpt":{"rendered":"<p>Hamamelis Creme lindert den Juckreiz und wirkt der Entz\u00fcndung entgegen. Die W\u00e4nde der H\u00e4morrhoidalvenen werden gest\u00e4rkt, so dass sie sich wieder in ihre urspr\u00fcngliche Form zur\u00fcckziehen k\u00f6nnen. Zaubernuss hat blutstillende Eigenschaften und hemmt die Entz\u00fcndung. Stibium metallicum praeparatum unterst\u00fctzt die Haut bei der Heilung. N\u00e4ssende Stellen trocknen ab.<\/p>\n","protected":false},"featured_media":51979,"template":"","meta":{"_acf_changed":false},"product_brand":[],"product_cat":[330],"product_tag":[],"class_list":{"0":"post-51977","1":"product","2":"type-product","3":"status-publish","4":"has-post-thumbnail","6":"product_cat-h","7":"pa_packungsgroesse-50g","9":"first","10":"instock","11":"shipping-taxable","12":"purchasable","13":"product-type-simple"},"acf":[],"_links":{"self":[{"href":"https:\/\/www.hirtenberg-apotheke.at\/katalog\/wp-json\/wp\/v2\/product\/51977","targetHints":{"allow":["GET"]}}],"collection":[{"href":"https:\/\/www.hirtenberg-apotheke.at\/katalog\/wp-json\/wp\/v2\/product"}],"about":[{"href":"https:\/\/www.hirtenberg-apotheke.at\/katalog\/wp-json\/wp\/v2\/types\/product"}],"wp:featuredmedia":[{"embeddable":true,"href":"https:\/\/www.hirtenberg-apotheke.at\/katalog\/wp-json\/wp\/v2\/media\/51979"}],"wp:attachment":[{"href":"https:\/\/www.hirtenberg-apotheke.at\/katalog\/wp-json\/wp\/v2\/media?parent=51977"}],"wp:term":[{"taxonomy":"product_brand","embeddable":true,"href":"https:\/\/www.hirtenberg-apotheke.at\/katalog\/wp-json\/wp\/v2\/product_brand?post=51977"},{"taxonomy":"product_cat","embeddable":true,"href":"https:\/\/www.hirtenberg-apotheke.at\/katalog\/wp-json\/wp\/v2\/product_cat?post=51977"},{"taxonomy":"product_tag","embeddable":true,"href":"https:\/\/www.hirtenberg-apotheke.at\/katalog\/wp-json\/wp\/v2\/product_tag?post=51977"}],"curies":[{"name":"wp","href":"https:\/\/api.w.org\/{rel}","templated":true}]}}