{"id":52182,"date":"2025-11-26T14:15:14","date_gmt":"2025-11-26T13:15:14","guid":{"rendered":"https:\/\/www.hirtenberg-apotheke.at\/katalog\/produkt\/propolaid-propolis-tropfen-alkoholfrei-50-ml\/"},"modified":"2025-11-26T14:15:18","modified_gmt":"2025-11-26T13:15:18","slug":"propolaid-propolis-tropfen-alkoholfrei-50-ml","status":"publish","type":"product","link":"https:\/\/www.hirtenberg-apotheke.at\/katalog\/produkt\/propolaid-propolis-tropfen-alkoholfrei-50-ml\/","title":{"rendered":"Propolaid Propolis Tropfen alkoholfrei 50 ml"},"content":{"rendered":"<p>Propolaid Propolis Tropfen enthalten Propolis mit Echinacea und sind fruchtig-mild im Geschmack. Propolis ist das nat\u00fcrliche Schutzharz der Bienen und liefert dem K\u00f6rper eine Vielfalt an nat\u00fcrlichen, wertvollen Inhaltsstoffen. Das Echinacea im alkoholfreien, puren Extrakt kann dabei die nat\u00fcrlichen Abwehrkr\u00e4fte unterst\u00fctzen.<\/p>\n","protected":false},"excerpt":{"rendered":"<p>Propolaid Propolis Tropfen enthalten Propolis mit Echinacea und sind fruchtig-mild im Geschmack. Propolis ist das nat\u00fcrliche Schutzharz der Bienen und liefert dem K\u00f6rper eine Vielfalt an nat\u00fcrlichen, wertvollen Inhaltsstoffen. Das Echinacea im alkoholfreien, puren Extrakt kann dabei die nat\u00fcrlichen Abwehrkr\u00e4fte unterst\u00fctzen.<\/p>\n","protected":false},"featured_media":52184,"template":"","meta":{"_acf_changed":false},"product_brand":[],"product_cat":[302],"product_tag":[],"class_list":{"0":"post-52182","1":"product","2":"type-product","3":"status-publish","4":"has-post-thumbnail","6":"product_cat-p","7":"pa_packungsgroesse-50ml","9":"first","10":"instock","11":"shipping-taxable","12":"purchasable","13":"product-type-simple"},"acf":[],"_links":{"self":[{"href":"https:\/\/www.hirtenberg-apotheke.at\/katalog\/wp-json\/wp\/v2\/product\/52182","targetHints":{"allow":["GET"]}}],"collection":[{"href":"https:\/\/www.hirtenberg-apotheke.at\/katalog\/wp-json\/wp\/v2\/product"}],"about":[{"href":"https:\/\/www.hirtenberg-apotheke.at\/katalog\/wp-json\/wp\/v2\/types\/product"}],"wp:featuredmedia":[{"embeddable":true,"href":"https:\/\/www.hirtenberg-apotheke.at\/katalog\/wp-json\/wp\/v2\/media\/52184"}],"wp:attachment":[{"href":"https:\/\/www.hirtenberg-apotheke.at\/katalog\/wp-json\/wp\/v2\/media?parent=52182"}],"wp:term":[{"taxonomy":"product_brand","embeddable":true,"href":"https:\/\/www.hirtenberg-apotheke.at\/katalog\/wp-json\/wp\/v2\/product_brand?post=52182"},{"taxonomy":"product_cat","embeddable":true,"href":"https:\/\/www.hirtenberg-apotheke.at\/katalog\/wp-json\/wp\/v2\/product_cat?post=52182"},{"taxonomy":"product_tag","embeddable":true,"href":"https:\/\/www.hirtenberg-apotheke.at\/katalog\/wp-json\/wp\/v2\/product_tag?post=52182"}],"curies":[{"name":"wp","href":"https:\/\/api.w.org\/{rel}","templated":true}]}}