{"id":52299,"date":"2025-11-26T14:17:32","date_gmt":"2025-11-26T13:17:32","guid":{"rendered":"https:\/\/www.hirtenberg-apotheke.at\/katalog\/produkt\/wellness-salbei-halspastillen-30-stk\/"},"modified":"2025-11-26T14:17:48","modified_gmt":"2025-11-26T13:17:48","slug":"wellness-salbei-halspastillen-30-stk","status":"publish","type":"product","link":"https:\/\/www.hirtenberg-apotheke.at\/katalog\/produkt\/wellness-salbei-halspastillen-30-stk\/","title":{"rendered":"Wellness Salbei Halspastillen 30 Stk."},"content":{"rendered":"<p>Wellness Salbei Halspastillen 30 Stk. sind bei Husten und Heiserkeit wohltuend f\u00fcr die Atemwege. Das \u00e4therische \u00d6l der Salbeipflanze beruhigt die Schleimhaut. Gleichzeitig unterst\u00fctzen Vitamin C und Zink die normale Funktion des Immunsystems.<\/p>\n","protected":false},"excerpt":{"rendered":"<p>Wellness Salbei Halspastillen 30 Stk. sind bei Husten und Heiserkeit wohltuend f\u00fcr die Atemwege. Das \u00e4therische \u00d6l der Salbeipflanze beruhigt die Schleimhaut. Gleichzeitig unterst\u00fctzen Vitamin C und Zink die normale Funktion des Immunsystems.<\/p>\n","protected":false},"featured_media":0,"template":"","meta":{"_acf_changed":false},"product_brand":[],"product_cat":[368],"product_tag":[],"class_list":{"0":"post-52299","1":"product","2":"type-product","3":"status-publish","5":"product_cat-w","6":"pa_packungsgroesse-30-stueck","8":"first","9":"instock","10":"shipping-taxable","11":"purchasable","12":"product-type-simple"},"acf":[],"_links":{"self":[{"href":"https:\/\/www.hirtenberg-apotheke.at\/katalog\/wp-json\/wp\/v2\/product\/52299","targetHints":{"allow":["GET"]}}],"collection":[{"href":"https:\/\/www.hirtenberg-apotheke.at\/katalog\/wp-json\/wp\/v2\/product"}],"about":[{"href":"https:\/\/www.hirtenberg-apotheke.at\/katalog\/wp-json\/wp\/v2\/types\/product"}],"wp:attachment":[{"href":"https:\/\/www.hirtenberg-apotheke.at\/katalog\/wp-json\/wp\/v2\/media?parent=52299"}],"wp:term":[{"taxonomy":"product_brand","embeddable":true,"href":"https:\/\/www.hirtenberg-apotheke.at\/katalog\/wp-json\/wp\/v2\/product_brand?post=52299"},{"taxonomy":"product_cat","embeddable":true,"href":"https:\/\/www.hirtenberg-apotheke.at\/katalog\/wp-json\/wp\/v2\/product_cat?post=52299"},{"taxonomy":"product_tag","embeddable":true,"href":"https:\/\/www.hirtenberg-apotheke.at\/katalog\/wp-json\/wp\/v2\/product_tag?post=52299"}],"curies":[{"name":"wp","href":"https:\/\/api.w.org\/{rel}","templated":true}]}}