{"id":52304,"date":"2025-11-26T14:17:32","date_gmt":"2025-11-26T13:17:32","guid":{"rendered":"https:\/\/www.hirtenberg-apotheke.at\/katalog\/produkt\/sebamed-wellness-dusche-200-ml\/"},"modified":"2025-11-26T14:17:54","modified_gmt":"2025-11-26T13:17:54","slug":"sebamed-wellness-dusche-200-ml","status":"publish","type":"product","link":"https:\/\/www.hirtenberg-apotheke.at\/katalog\/produkt\/sebamed-wellness-dusche-200-ml\/","title":{"rendered":"Sebamed Wellness Dusche 200 ml"},"content":{"rendered":"<p>sebamed Wellness Dusche mit ihrem Pflegekomplex aus Wasserlilienextrakt und Allantoin sorgt f\u00fcr ein entspanntes, sp\u00fcrbar glattes und geschmeidiges Hautgef\u00fchl. Sie reinigt empfindliche Haut besonders mild und stabilisiert die Feuchtigkeitsbalance der Haut. Die milde Formel tr\u00e4gt zum Schutz vor Austrocknung bei. Der hauteigene pH-Wert 5,5 f\u00f6rdert optimal den Hautschutzmantel als nat\u00fcrliche Barriere gegen Austrocknung und Reizungen.<\/p>\n","protected":false},"excerpt":{"rendered":"<p>sebamed Wellness Dusche mit ihrem Pflegekomplex aus Wasserlilienextrakt und Allantoin sorgt f\u00fcr ein entspanntes, sp\u00fcrbar glattes und geschmeidiges Hautgef\u00fchl. Sie reinigt empfindliche Haut besonders mild und stabilisiert die Feuchtigkeitsbalance der Haut. Die milde Formel tr\u00e4gt zum Schutz vor Austrocknung bei. Der hauteigene pH-Wert 5,5 f\u00f6rdert optimal den Hautschutzmantel als nat\u00fcrliche Barriere gegen Austrocknung und Reizungen.<\/p>\n","protected":false},"featured_media":0,"template":"","meta":{"_acf_changed":false},"product_brand":[753],"product_cat":[303],"product_tag":[],"class_list":{"0":"post-52304","1":"product","2":"type-product","3":"status-publish","5":"product_brand-sebamed","6":"product_cat-s","7":"pa_packungsgroesse-200ml","9":"first","10":"instock","11":"shipping-taxable","12":"purchasable","13":"product-type-simple"},"acf":[],"_links":{"self":[{"href":"https:\/\/www.hirtenberg-apotheke.at\/katalog\/wp-json\/wp\/v2\/product\/52304","targetHints":{"allow":["GET"]}}],"collection":[{"href":"https:\/\/www.hirtenberg-apotheke.at\/katalog\/wp-json\/wp\/v2\/product"}],"about":[{"href":"https:\/\/www.hirtenberg-apotheke.at\/katalog\/wp-json\/wp\/v2\/types\/product"}],"wp:attachment":[{"href":"https:\/\/www.hirtenberg-apotheke.at\/katalog\/wp-json\/wp\/v2\/media?parent=52304"}],"wp:term":[{"taxonomy":"product_brand","embeddable":true,"href":"https:\/\/www.hirtenberg-apotheke.at\/katalog\/wp-json\/wp\/v2\/product_brand?post=52304"},{"taxonomy":"product_cat","embeddable":true,"href":"https:\/\/www.hirtenberg-apotheke.at\/katalog\/wp-json\/wp\/v2\/product_cat?post=52304"},{"taxonomy":"product_tag","embeddable":true,"href":"https:\/\/www.hirtenberg-apotheke.at\/katalog\/wp-json\/wp\/v2\/product_tag?post=52304"}],"curies":[{"name":"wp","href":"https:\/\/api.w.org\/{rel}","templated":true}]}}