{"id":52308,"date":"2025-11-26T14:17:56","date_gmt":"2025-11-26T13:17:56","guid":{"rendered":"https:\/\/www.hirtenberg-apotheke.at\/katalog\/produkt\/sleepwell-kapseln\/"},"modified":"2025-11-26T14:18:03","modified_gmt":"2025-11-26T13:18:03","slug":"sleepwell-kapseln","status":"publish","type":"product","link":"https:\/\/www.hirtenberg-apotheke.at\/katalog\/produkt\/sleepwell-kapseln\/","title":{"rendered":"Sleepwell Kapseln"},"content":{"rendered":"<p>Sleepwell\u00ae Kapseln 60 Stk. enthalten 5 mg Melatonin in einer Hartgelatinekapsel. Melatonin hilft die Einschlafzeit zu verk\u00fcrzen, den Biorhythmus zu regulieren und verbessert den Schlaf-Wach-Rhythmus. Daher sorgen die Sleepwell\u00ae Kapseln von Gall Pharma f\u00fcr eine Verbesserung der Schlafqualit\u00e4t und helfen dabei, auf nat\u00fcrliche Weise besser einzuschlafen.<\/p>\n","protected":false},"excerpt":{"rendered":"<p>Sleepwell\u00ae Kapseln 60 Stk. enthalten 5 mg Melatonin in einer Hartgelatinekapsel. Melatonin hilft die Einschlafzeit zu verk\u00fcrzen, den Biorhythmus zu regulieren und verbessert den Schlaf-Wach-Rhythmus. Daher sorgen die Sleepwell\u00ae Kapseln von Gall Pharma f\u00fcr eine Verbesserung der Schlafqualit\u00e4t und helfen dabei, auf nat\u00fcrliche Weise besser einzuschlafen.<\/p>\n","protected":false},"featured_media":0,"template":"","meta":{"_acf_changed":false},"product_brand":[316],"product_cat":[303],"product_tag":[],"class_list":{"0":"post-52308","1":"product","2":"type-product","3":"status-publish","5":"product_brand-gall-pharma","6":"product_cat-s","7":"pa_packungsgroesse-60-stueck","9":"first","10":"instock","11":"shipping-taxable","12":"purchasable","13":"product-type-simple"},"acf":[],"_links":{"self":[{"href":"https:\/\/www.hirtenberg-apotheke.at\/katalog\/wp-json\/wp\/v2\/product\/52308","targetHints":{"allow":["GET"]}}],"collection":[{"href":"https:\/\/www.hirtenberg-apotheke.at\/katalog\/wp-json\/wp\/v2\/product"}],"about":[{"href":"https:\/\/www.hirtenberg-apotheke.at\/katalog\/wp-json\/wp\/v2\/types\/product"}],"wp:attachment":[{"href":"https:\/\/www.hirtenberg-apotheke.at\/katalog\/wp-json\/wp\/v2\/media?parent=52308"}],"wp:term":[{"taxonomy":"product_brand","embeddable":true,"href":"https:\/\/www.hirtenberg-apotheke.at\/katalog\/wp-json\/wp\/v2\/product_brand?post=52308"},{"taxonomy":"product_cat","embeddable":true,"href":"https:\/\/www.hirtenberg-apotheke.at\/katalog\/wp-json\/wp\/v2\/product_cat?post=52308"},{"taxonomy":"product_tag","embeddable":true,"href":"https:\/\/www.hirtenberg-apotheke.at\/katalog\/wp-json\/wp\/v2\/product_tag?post=52308"}],"curies":[{"name":"wp","href":"https:\/\/api.w.org\/{rel}","templated":true}]}}