{"id":52310,"date":"2025-11-26T14:17:56","date_gmt":"2025-11-26T13:17:56","guid":{"rendered":"https:\/\/www.hirtenberg-apotheke.at\/katalog\/produkt\/life-light-weizengras-pulver-100-g\/"},"modified":"2025-11-26T14:18:08","modified_gmt":"2025-11-26T13:18:08","slug":"life-light-weizengras-pulver-100-g","status":"publish","type":"product","link":"https:\/\/www.hirtenberg-apotheke.at\/katalog\/produkt\/life-light-weizengras-pulver-100-g\/","title":{"rendered":"Life Light Weizengras Pulver 100 g"},"content":{"rendered":"<p>Life Light Weizengras Pulver ist ein glutenfreies Weizengras-Pulver mit nat\u00fcrlichem Chlorophyll und Ballaststoffen aus kontrolliert biologischem Anbau. Weizengras st\u00e4rkt das Immunsystem gegen Krankheitserreger und verzichtet zugleich auf das s\u00e4urebildende, verschleimende Gluten. Zudem wird Weizengras f\u00fcr den enormen Gehalt an Antioxidantien gesch\u00e4tzt.<\/p>\n","protected":false},"excerpt":{"rendered":"<p>Life Light Weizengras Pulver ist ein glutenfreies Weizengras-Pulver mit nat\u00fcrlichem Chlorophyll und Ballaststoffen aus kontrolliert biologischem Anbau. Weizengras st\u00e4rkt das Immunsystem gegen Krankheitserreger und verzichtet zugleich auf das s\u00e4urebildende, verschleimende Gluten. Zudem wird Weizengras f\u00fcr den enormen Gehalt an Antioxidantien gesch\u00e4tzt.<\/p>\n","protected":false},"featured_media":0,"template":"","meta":{"_acf_changed":false},"product_brand":[],"product_cat":[317],"product_tag":[],"class_list":{"0":"post-52310","1":"product","2":"type-product","3":"status-publish","5":"product_cat-l","6":"pa_packungsgroesse-100g","8":"first","9":"instock","10":"shipping-taxable","11":"purchasable","12":"product-type-simple"},"acf":[],"_links":{"self":[{"href":"https:\/\/www.hirtenberg-apotheke.at\/katalog\/wp-json\/wp\/v2\/product\/52310","targetHints":{"allow":["GET"]}}],"collection":[{"href":"https:\/\/www.hirtenberg-apotheke.at\/katalog\/wp-json\/wp\/v2\/product"}],"about":[{"href":"https:\/\/www.hirtenberg-apotheke.at\/katalog\/wp-json\/wp\/v2\/types\/product"}],"wp:attachment":[{"href":"https:\/\/www.hirtenberg-apotheke.at\/katalog\/wp-json\/wp\/v2\/media?parent=52310"}],"wp:term":[{"taxonomy":"product_brand","embeddable":true,"href":"https:\/\/www.hirtenberg-apotheke.at\/katalog\/wp-json\/wp\/v2\/product_brand?post=52310"},{"taxonomy":"product_cat","embeddable":true,"href":"https:\/\/www.hirtenberg-apotheke.at\/katalog\/wp-json\/wp\/v2\/product_cat?post=52310"},{"taxonomy":"product_tag","embeddable":true,"href":"https:\/\/www.hirtenberg-apotheke.at\/katalog\/wp-json\/wp\/v2\/product_tag?post=52310"}],"curies":[{"name":"wp","href":"https:\/\/api.w.org\/{rel}","templated":true}]}}