{"id":52359,"date":"2025-11-26T14:18:39","date_gmt":"2025-11-26T13:18:39","guid":{"rendered":"https:\/\/www.hirtenberg-apotheke.at\/katalog\/produkt\/neem-320mg-kapseln\/"},"modified":"2025-11-26T14:19:06","modified_gmt":"2025-11-26T13:19:06","slug":"neem-320mg-kapseln","status":"publish","type":"product","link":"https:\/\/www.hirtenberg-apotheke.at\/katalog\/produkt\/neem-320mg-kapseln\/","title":{"rendered":"Neem 320mg Kapseln"},"content":{"rendered":"<p>Gall Pharma Neem 320 mg Kapseln 60 Stk. enthalten 320 mg eines Neembl\u00e4tter Extraktes in einer Hartgelatinekapsel. Die au\u00dfergew\u00f6hnlichen Kr\u00e4fte des Neembaumes wurden schon in alten Hindu-Schriften erw\u00e4hnt. So haben die Bl\u00e4tter des Neembaumes positive Eigenschaften auf die Verdauung und helfen beim Abtransport von Giftstoffen aus der Leber. Zudem gelten die Bl\u00e4tter als allgemein immunst\u00e4rkend und k\u00f6nnen das k\u00f6rpereigene Abwehrsystem bei Angriffen aktivieren. Letztendlich k\u00f6nnen Extrakte aus Neembl\u00e4tter Einfluss auf den Zuckerstoffwechsel haben, was insulinpflichtigen Diabetikern zur Unterst\u00fctzung empfohlen werden kann \u2013 jetzt Spitzenprodukte von Gall Pharma mit hohem Rabatt bestellen!<\/p>\n","protected":false},"excerpt":{"rendered":"<p>Gall Pharma Neem 320 mg Kapseln 60 Stk. enthalten 320 mg eines Neembl\u00e4tter Extraktes in einer Hartgelatinekapsel. Die au\u00dfergew\u00f6hnlichen Kr\u00e4fte des Neembaumes wurden schon in alten Hindu-Schriften erw\u00e4hnt. So haben die Bl\u00e4tter des Neembaumes positive Eigenschaften auf die Verdauung und helfen beim Abtransport von Giftstoffen aus der Leber. Zudem gelten die Bl\u00e4tter als allgemein immunst\u00e4rkend [&hellip;]<\/p>\n","protected":false},"featured_media":0,"template":"","meta":{"_acf_changed":false},"product_brand":[316],"product_cat":[310],"product_tag":[],"class_list":{"0":"post-52359","1":"product","2":"type-product","3":"status-publish","5":"product_brand-gall-pharma","6":"product_cat-n","7":"pa_packungsgroesse-60-stueck","9":"first","10":"instock","11":"shipping-taxable","12":"purchasable","13":"product-type-simple"},"acf":[],"_links":{"self":[{"href":"https:\/\/www.hirtenberg-apotheke.at\/katalog\/wp-json\/wp\/v2\/product\/52359","targetHints":{"allow":["GET"]}}],"collection":[{"href":"https:\/\/www.hirtenberg-apotheke.at\/katalog\/wp-json\/wp\/v2\/product"}],"about":[{"href":"https:\/\/www.hirtenberg-apotheke.at\/katalog\/wp-json\/wp\/v2\/types\/product"}],"wp:attachment":[{"href":"https:\/\/www.hirtenberg-apotheke.at\/katalog\/wp-json\/wp\/v2\/media?parent=52359"}],"wp:term":[{"taxonomy":"product_brand","embeddable":true,"href":"https:\/\/www.hirtenberg-apotheke.at\/katalog\/wp-json\/wp\/v2\/product_brand?post=52359"},{"taxonomy":"product_cat","embeddable":true,"href":"https:\/\/www.hirtenberg-apotheke.at\/katalog\/wp-json\/wp\/v2\/product_cat?post=52359"},{"taxonomy":"product_tag","embeddable":true,"href":"https:\/\/www.hirtenberg-apotheke.at\/katalog\/wp-json\/wp\/v2\/product_tag?post=52359"}],"curies":[{"name":"wp","href":"https:\/\/api.w.org\/{rel}","templated":true}]}}