{"id":52406,"date":"2025-11-26T14:19:38","date_gmt":"2025-11-26T13:19:38","guid":{"rendered":"https:\/\/www.hirtenberg-apotheke.at\/katalog\/produkt\/tetesept-duschbad-erkaeltung-250-ml\/"},"modified":"2025-11-26T14:20:09","modified_gmt":"2025-11-26T13:20:09","slug":"tetesept-duschbad-erkaeltung-250-ml","status":"publish","type":"product","link":"https:\/\/www.hirtenberg-apotheke.at\/katalog\/produkt\/tetesept-duschbad-erkaeltung-250-ml\/","title":{"rendered":"Tetesept Duschbad Erk\u00e4ltung 250 ml"},"content":{"rendered":"<p>Tetesept Duschbad Erk\u00e4ltungszeit belebt, erfrischt, l\u00e4sst einen Tag gut beginnen &#8211; und kann gleichzeitig auch gesund sein! Denn mit tetesept Duschb\u00e4dern wird ihre Dusche zum Gesundheits- und Pflege-Erlebnis.<\/p>\n","protected":false},"excerpt":{"rendered":"<p>Tetesept Duschbad Erk\u00e4ltungszeit belebt, erfrischt, l\u00e4sst einen Tag gut beginnen &#8211; und kann gleichzeitig auch gesund sein! Denn mit tetesept Duschb\u00e4dern wird ihre Dusche zum Gesundheits- und Pflege-Erlebnis.<\/p>\n","protected":false},"featured_media":0,"template":"","meta":{"_acf_changed":false},"product_brand":[468],"product_cat":[319],"product_tag":[],"class_list":{"0":"post-52406","1":"product","2":"type-product","3":"status-publish","5":"product_brand-tetesept","6":"product_cat-t","7":"pa_packungsgroesse-250ml","9":"first","10":"instock","11":"shipping-taxable","12":"purchasable","13":"product-type-simple"},"acf":[],"_links":{"self":[{"href":"https:\/\/www.hirtenberg-apotheke.at\/katalog\/wp-json\/wp\/v2\/product\/52406","targetHints":{"allow":["GET"]}}],"collection":[{"href":"https:\/\/www.hirtenberg-apotheke.at\/katalog\/wp-json\/wp\/v2\/product"}],"about":[{"href":"https:\/\/www.hirtenberg-apotheke.at\/katalog\/wp-json\/wp\/v2\/types\/product"}],"wp:attachment":[{"href":"https:\/\/www.hirtenberg-apotheke.at\/katalog\/wp-json\/wp\/v2\/media?parent=52406"}],"wp:term":[{"taxonomy":"product_brand","embeddable":true,"href":"https:\/\/www.hirtenberg-apotheke.at\/katalog\/wp-json\/wp\/v2\/product_brand?post=52406"},{"taxonomy":"product_cat","embeddable":true,"href":"https:\/\/www.hirtenberg-apotheke.at\/katalog\/wp-json\/wp\/v2\/product_cat?post=52406"},{"taxonomy":"product_tag","embeddable":true,"href":"https:\/\/www.hirtenberg-apotheke.at\/katalog\/wp-json\/wp\/v2\/product_tag?post=52406"}],"curies":[{"name":"wp","href":"https:\/\/api.w.org\/{rel}","templated":true}]}}