{"id":52487,"date":"2025-11-26T14:21:59","date_gmt":"2025-11-26T13:21:59","guid":{"rendered":"https:\/\/www.hirtenberg-apotheke.at\/katalog\/produkt\/madara-sos-hydra-recharge-gesichtscreme-50-ml-creme\/"},"modified":"2025-11-26T14:22:06","modified_gmt":"2025-11-26T13:22:06","slug":"madara-sos-hydra-recharge-gesichtscreme-50-ml-creme","status":"publish","type":"product","link":"https:\/\/www.hirtenberg-apotheke.at\/katalog\/produkt\/madara-sos-hydra-recharge-gesichtscreme-50-ml-creme\/","title":{"rendered":"Madara SOS Hydra Recharge Gesichtscreme 50 ml Creme"},"content":{"rendered":"<p>Madara SOS Hydra Gesichtscreme schlie\u00dft Feuchtigkeit in Ihrer Haut ein und verhindert auf diese Weise Austrocknung langfristig. Die Creme besitzt einen wirkungsvollen Anti-Aging-Effekt dank Inhaltsstoffen wie Pfingstrose, Leinsamen und Hyalurons\u00e4ure. Auf trockene und gestresste Haut wirkt die Creme feuchtigkeitsspendend, erneuernd und beruhigend und schenkt der Haut ihre jugendliche Strahlkraft wieder. Die Creme legt sich wie ein unsichtbarer Schutzschild auf die Haut und sch\u00fctzt diese vor sch\u00e4dlichen Umwelteinfl\u00fcssen \u2013 jetzt Produkte von Madara mit hohem Rabatt bestellen!<\/p>\n","protected":false},"excerpt":{"rendered":"<p>Madara SOS Hydra Gesichtscreme schlie\u00dft Feuchtigkeit in Ihrer Haut ein und verhindert auf diese Weise Austrocknung langfristig. Die Creme besitzt einen wirkungsvollen Anti-Aging-Effekt dank Inhaltsstoffen wie Pfingstrose, Leinsamen und Hyalurons\u00e4ure. Auf trockene und gestresste Haut wirkt die Creme feuchtigkeitsspendend, erneuernd und beruhigend und schenkt der Haut ihre jugendliche Strahlkraft wieder. Die Creme legt sich wie [&hellip;]<\/p>\n","protected":false},"featured_media":52489,"template":"","meta":{"_acf_changed":false},"product_brand":[1240],"product_cat":[308],"product_tag":[],"class_list":{"0":"post-52487","1":"product","2":"type-product","3":"status-publish","4":"has-post-thumbnail","6":"product_brand-madara","7":"product_cat-m","8":"pa_packungsgroesse-50ml","10":"first","11":"instock","12":"shipping-taxable","13":"purchasable","14":"product-type-simple"},"acf":[],"_links":{"self":[{"href":"https:\/\/www.hirtenberg-apotheke.at\/katalog\/wp-json\/wp\/v2\/product\/52487","targetHints":{"allow":["GET"]}}],"collection":[{"href":"https:\/\/www.hirtenberg-apotheke.at\/katalog\/wp-json\/wp\/v2\/product"}],"about":[{"href":"https:\/\/www.hirtenberg-apotheke.at\/katalog\/wp-json\/wp\/v2\/types\/product"}],"wp:featuredmedia":[{"embeddable":true,"href":"https:\/\/www.hirtenberg-apotheke.at\/katalog\/wp-json\/wp\/v2\/media\/52489"}],"wp:attachment":[{"href":"https:\/\/www.hirtenberg-apotheke.at\/katalog\/wp-json\/wp\/v2\/media?parent=52487"}],"wp:term":[{"taxonomy":"product_brand","embeddable":true,"href":"https:\/\/www.hirtenberg-apotheke.at\/katalog\/wp-json\/wp\/v2\/product_brand?post=52487"},{"taxonomy":"product_cat","embeddable":true,"href":"https:\/\/www.hirtenberg-apotheke.at\/katalog\/wp-json\/wp\/v2\/product_cat?post=52487"},{"taxonomy":"product_tag","embeddable":true,"href":"https:\/\/www.hirtenberg-apotheke.at\/katalog\/wp-json\/wp\/v2\/product_tag?post=52487"}],"curies":[{"name":"wp","href":"https:\/\/api.w.org\/{rel}","templated":true}]}}