{"id":52518,"date":"2025-11-26T14:22:31","date_gmt":"2025-11-26T13:22:31","guid":{"rendered":"https:\/\/www.hirtenberg-apotheke.at\/katalog\/produkt\/speick-natural-deo-dusch-hair-body-hautfreundlicher-ph-wert-250-ml\/"},"modified":"2025-11-26T14:22:34","modified_gmt":"2025-11-26T13:22:34","slug":"speick-natural-deo-dusch-hair-body-hautfreundlicher-ph-wert-250-ml","status":"publish","type":"product","link":"https:\/\/www.hirtenberg-apotheke.at\/katalog\/produkt\/speick-natural-deo-dusch-hair-body-hautfreundlicher-ph-wert-250-ml\/","title":{"rendered":"Speick Natural Deo Dusch Hair + Body Hautfreundlicher pH-Wert 250 ml"},"content":{"rendered":"<p>Sanfte, gr\u00fcndliche Reinigung f\u00fcr Haut und Haare mit dem Original Speick-Duft und Bio-Salbei f\u00fcr einen erfrischenden, nat\u00fcrli-chen Deo-Effekt. Der klassische Speick-Duft sorgt f\u00fcr einen belebenden Frische-Kick in den Tag. Gluten- und laktosefrei. Dermatologisch allergologisch getestet. .<\/p>\n","protected":false},"excerpt":{"rendered":"<p>Sanfte, gr\u00fcndliche Reinigung f\u00fcr Haut und Haare mit dem Original Speick-Duft und Bio-Salbei f\u00fcr einen erfrischenden, nat\u00fcrli-chen Deo-Effekt. Der klassische Speick-Duft sorgt f\u00fcr einen belebenden Frische-Kick in den Tag. Gluten- und laktosefrei. Dermatologisch allergologisch getestet. .<\/p>\n","protected":false},"featured_media":0,"template":"","meta":{"_acf_changed":false},"product_brand":[],"product_cat":[303],"product_tag":[],"class_list":{"0":"post-52518","1":"product","2":"type-product","3":"status-publish","5":"product_cat-s","6":"pa_packungsgroesse-250ml","8":"first","9":"instock","10":"shipping-taxable","11":"purchasable","12":"product-type-simple"},"acf":[],"_links":{"self":[{"href":"https:\/\/www.hirtenberg-apotheke.at\/katalog\/wp-json\/wp\/v2\/product\/52518","targetHints":{"allow":["GET"]}}],"collection":[{"href":"https:\/\/www.hirtenberg-apotheke.at\/katalog\/wp-json\/wp\/v2\/product"}],"about":[{"href":"https:\/\/www.hirtenberg-apotheke.at\/katalog\/wp-json\/wp\/v2\/types\/product"}],"wp:attachment":[{"href":"https:\/\/www.hirtenberg-apotheke.at\/katalog\/wp-json\/wp\/v2\/media?parent=52518"}],"wp:term":[{"taxonomy":"product_brand","embeddable":true,"href":"https:\/\/www.hirtenberg-apotheke.at\/katalog\/wp-json\/wp\/v2\/product_brand?post=52518"},{"taxonomy":"product_cat","embeddable":true,"href":"https:\/\/www.hirtenberg-apotheke.at\/katalog\/wp-json\/wp\/v2\/product_cat?post=52518"},{"taxonomy":"product_tag","embeddable":true,"href":"https:\/\/www.hirtenberg-apotheke.at\/katalog\/wp-json\/wp\/v2\/product_tag?post=52518"}],"curies":[{"name":"wp","href":"https:\/\/api.w.org\/{rel}","templated":true}]}}