{"id":52529,"date":"2025-11-26T14:22:31","date_gmt":"2025-11-26T13:22:31","guid":{"rendered":"https:\/\/www.hirtenberg-apotheke.at\/katalog\/produkt\/nuxe-prodigieux-koerpermilch-200-ml\/"},"modified":"2025-11-26T14:22:47","modified_gmt":"2025-11-26T13:22:47","slug":"nuxe-prodigieux-koerpermilch-200-ml","status":"publish","type":"product","link":"https:\/\/www.hirtenberg-apotheke.at\/katalog\/produkt\/nuxe-prodigieux-koerpermilch-200-ml\/","title":{"rendered":"Nuxe Prodigieux K\u00f6rpermilch 200 ml"},"content":{"rendered":"<p>Nuxe Prodigieux K\u00f6rpermilch mit wertvollen Pflanzen\u00f6len versorgt die Haut mit Feuchtigkeit, verleiht ihr einen seidigen Schimmer und macht sie strahlend sch\u00f6n. Mit dem verf\u00fchrerischen Kult-Duft von Huile Prodigieuse.<\/p>\n","protected":false},"excerpt":{"rendered":"<p>Nuxe Prodigieux K\u00f6rpermilch mit wertvollen Pflanzen\u00f6len versorgt die Haut mit Feuchtigkeit, verleiht ihr einen seidigen Schimmer und macht sie strahlend sch\u00f6n. Mit dem verf\u00fchrerischen Kult-Duft von Huile Prodigieuse.<\/p>\n","protected":false},"featured_media":52531,"template":"","meta":{"_acf_changed":false},"product_brand":[720],"product_cat":[310],"product_tag":[],"class_list":{"0":"post-52529","1":"product","2":"type-product","3":"status-publish","4":"has-post-thumbnail","6":"product_brand-nuxe","7":"product_cat-n","8":"pa_packungsgroesse-200ml","10":"first","11":"instock","12":"shipping-taxable","13":"purchasable","14":"product-type-simple"},"acf":[],"_links":{"self":[{"href":"https:\/\/www.hirtenberg-apotheke.at\/katalog\/wp-json\/wp\/v2\/product\/52529","targetHints":{"allow":["GET"]}}],"collection":[{"href":"https:\/\/www.hirtenberg-apotheke.at\/katalog\/wp-json\/wp\/v2\/product"}],"about":[{"href":"https:\/\/www.hirtenberg-apotheke.at\/katalog\/wp-json\/wp\/v2\/types\/product"}],"wp:featuredmedia":[{"embeddable":true,"href":"https:\/\/www.hirtenberg-apotheke.at\/katalog\/wp-json\/wp\/v2\/media\/52531"}],"wp:attachment":[{"href":"https:\/\/www.hirtenberg-apotheke.at\/katalog\/wp-json\/wp\/v2\/media?parent=52529"}],"wp:term":[{"taxonomy":"product_brand","embeddable":true,"href":"https:\/\/www.hirtenberg-apotheke.at\/katalog\/wp-json\/wp\/v2\/product_brand?post=52529"},{"taxonomy":"product_cat","embeddable":true,"href":"https:\/\/www.hirtenberg-apotheke.at\/katalog\/wp-json\/wp\/v2\/product_cat?post=52529"},{"taxonomy":"product_tag","embeddable":true,"href":"https:\/\/www.hirtenberg-apotheke.at\/katalog\/wp-json\/wp\/v2\/product_tag?post=52529"}],"curies":[{"name":"wp","href":"https:\/\/api.w.org\/{rel}","templated":true}]}}