{"id":52680,"date":"2025-11-26T14:26:04","date_gmt":"2025-11-26T13:26:04","guid":{"rendered":"https:\/\/www.hirtenberg-apotheke.at\/katalog\/produkt\/testo-kapseln\/"},"modified":"2025-11-26T14:26:19","modified_gmt":"2025-11-26T13:26:19","slug":"testo-kapseln","status":"publish","type":"product","link":"https:\/\/www.hirtenberg-apotheke.at\/katalog\/produkt\/testo-kapseln\/","title":{"rendered":"Testo+ Kapseln"},"content":{"rendered":"<p>Testo Kapseln sind f\u00fcr eine Testo-Kur bestens geeignet. Das m\u00e4nnliche Sexualhormon Testosteron ist f\u00fcr viele Vorg\u00e4nge im K\u00f6rper mit verantwortlich  sowohl bei M\u00e4nnern als auch bei Frauen. Es beg\u00fcnstigt den Muskelaufbau und die Libido, spielt beim Aufbau der Knochen eine wichtige Rolle und wirkt sich bei Ersch\u00f6pfungszust\u00e4nden aktivierend aus.<\/p>\n","protected":false},"excerpt":{"rendered":"<p>Testo Kapseln sind f\u00fcr eine Testo-Kur bestens geeignet. Das m\u00e4nnliche Sexualhormon Testosteron ist f\u00fcr viele Vorg\u00e4nge im K\u00f6rper mit verantwortlich sowohl bei M\u00e4nnern als auch bei Frauen. Es beg\u00fcnstigt den Muskelaufbau und die Libido, spielt beim Aufbau der Knochen eine wichtige Rolle und wirkt sich bei Ersch\u00f6pfungszust\u00e4nden aktivierend aus.<\/p>\n","protected":false},"featured_media":52682,"template":"","meta":{"_acf_changed":false},"product_brand":[],"product_cat":[319],"product_tag":[],"class_list":{"0":"post-52680","1":"product","2":"type-product","3":"status-publish","4":"has-post-thumbnail","6":"product_cat-t","7":"pa_packungsgroesse-60-stueck","9":"first","10":"instock","11":"shipping-taxable","12":"purchasable","13":"product-type-simple"},"acf":[],"_links":{"self":[{"href":"https:\/\/www.hirtenberg-apotheke.at\/katalog\/wp-json\/wp\/v2\/product\/52680","targetHints":{"allow":["GET"]}}],"collection":[{"href":"https:\/\/www.hirtenberg-apotheke.at\/katalog\/wp-json\/wp\/v2\/product"}],"about":[{"href":"https:\/\/www.hirtenberg-apotheke.at\/katalog\/wp-json\/wp\/v2\/types\/product"}],"wp:featuredmedia":[{"embeddable":true,"href":"https:\/\/www.hirtenberg-apotheke.at\/katalog\/wp-json\/wp\/v2\/media\/52682"}],"wp:attachment":[{"href":"https:\/\/www.hirtenberg-apotheke.at\/katalog\/wp-json\/wp\/v2\/media?parent=52680"}],"wp:term":[{"taxonomy":"product_brand","embeddable":true,"href":"https:\/\/www.hirtenberg-apotheke.at\/katalog\/wp-json\/wp\/v2\/product_brand?post=52680"},{"taxonomy":"product_cat","embeddable":true,"href":"https:\/\/www.hirtenberg-apotheke.at\/katalog\/wp-json\/wp\/v2\/product_cat?post=52680"},{"taxonomy":"product_tag","embeddable":true,"href":"https:\/\/www.hirtenberg-apotheke.at\/katalog\/wp-json\/wp\/v2\/product_tag?post=52680"}],"curies":[{"name":"wp","href":"https:\/\/api.w.org\/{rel}","templated":true}]}}