{"id":52718,"date":"2025-11-26T14:26:53","date_gmt":"2025-11-26T13:26:53","guid":{"rendered":"https:\/\/www.hirtenberg-apotheke.at\/katalog\/produkt\/maca-extrakt-200-mg-kapseln-60-stk\/"},"modified":"2025-11-26T14:27:00","modified_gmt":"2025-11-26T13:27:00","slug":"maca-extrakt-200-mg-kapseln-60-stk","status":"publish","type":"product","link":"https:\/\/www.hirtenberg-apotheke.at\/katalog\/produkt\/maca-extrakt-200-mg-kapseln-60-stk\/","title":{"rendered":"Maca Extrakt 200 mg Kapseln 60 Stk."},"content":{"rendered":"<p>Maca Extrakt 200 mg Kapseln sind ein Aphrodisiakum aus dem Hochland Perus mit der st\u00e4rkenden Wirkung f\u00fcr Sie und Ihn. Bei den M\u00e4nnern konnte eine Erh\u00f6hung des Ejakulationsvolumes, der Spermiengesamtzahl sowie -beweglichkeit nachgewiesen werden. Personen mit chronischer M\u00fcdigkeit f\u00fchlen sich nach Einnahme von Maca wesentlich frischer und leistungsf\u00e4higer.<\/p>\n","protected":false},"excerpt":{"rendered":"<p>Maca Extrakt 200 mg Kapseln sind ein Aphrodisiakum aus dem Hochland Perus mit der st\u00e4rkenden Wirkung f\u00fcr Sie und Ihn. Bei den M\u00e4nnern konnte eine Erh\u00f6hung des Ejakulationsvolumes, der Spermiengesamtzahl sowie -beweglichkeit nachgewiesen werden. Personen mit chronischer M\u00fcdigkeit f\u00fchlen sich nach Einnahme von Maca wesentlich frischer und leistungsf\u00e4higer.<\/p>\n","protected":false},"featured_media":0,"template":"","meta":{"_acf_changed":false},"product_brand":[],"product_cat":[308],"product_tag":[],"class_list":{"0":"post-52718","1":"product","2":"type-product","3":"status-publish","5":"product_cat-m","6":"pa_packungsgroesse-60-stueck","8":"first","9":"instock","10":"shipping-taxable","11":"purchasable","12":"product-type-simple"},"acf":[],"_links":{"self":[{"href":"https:\/\/www.hirtenberg-apotheke.at\/katalog\/wp-json\/wp\/v2\/product\/52718","targetHints":{"allow":["GET"]}}],"collection":[{"href":"https:\/\/www.hirtenberg-apotheke.at\/katalog\/wp-json\/wp\/v2\/product"}],"about":[{"href":"https:\/\/www.hirtenberg-apotheke.at\/katalog\/wp-json\/wp\/v2\/types\/product"}],"wp:attachment":[{"href":"https:\/\/www.hirtenberg-apotheke.at\/katalog\/wp-json\/wp\/v2\/media?parent=52718"}],"wp:term":[{"taxonomy":"product_brand","embeddable":true,"href":"https:\/\/www.hirtenberg-apotheke.at\/katalog\/wp-json\/wp\/v2\/product_brand?post=52718"},{"taxonomy":"product_cat","embeddable":true,"href":"https:\/\/www.hirtenberg-apotheke.at\/katalog\/wp-json\/wp\/v2\/product_cat?post=52718"},{"taxonomy":"product_tag","embeddable":true,"href":"https:\/\/www.hirtenberg-apotheke.at\/katalog\/wp-json\/wp\/v2\/product_tag?post=52718"}],"curies":[{"name":"wp","href":"https:\/\/api.w.org\/{rel}","templated":true}]}}