{"id":52769,"date":"2025-11-26T14:27:21","date_gmt":"2025-11-26T13:27:21","guid":{"rendered":"https:\/\/www.hirtenberg-apotheke.at\/katalog\/produkt\/flohsamen-darmrein-kapseln-ncm-200-stk\/"},"modified":"2025-11-26T14:27:55","modified_gmt":"2025-11-26T13:27:55","slug":"flohsamen-darmrein-kapseln-ncm-200-stk","status":"publish","type":"product","link":"https:\/\/www.hirtenberg-apotheke.at\/katalog\/produkt\/flohsamen-darmrein-kapseln-ncm-200-stk\/","title":{"rendered":"Flohsamen Darmrein Kapseln NCM 200 Stk."},"content":{"rendered":"<p>NCM Nahrungserg\u00e4nzung Naturcosmetic bietet eine Vielzahl an nat\u00fcrlichen Pflegeprodukten und Nahrungserg\u00e4nzungsmitteln. Alle Produkte aus nat\u00fcrlichen Quellen<\/p>\n","protected":false},"excerpt":{"rendered":"<p>NCM Nahrungserg\u00e4nzung Naturcosmetic bietet eine Vielzahl an nat\u00fcrlichen Pflegeprodukten und Nahrungserg\u00e4nzungsmitteln. Alle Produkte aus nat\u00fcrlichen Quellen<\/p>\n","protected":false},"featured_media":0,"template":"","meta":{"_acf_changed":false},"product_brand":[],"product_cat":[322],"product_tag":[],"class_list":{"0":"post-52769","1":"product","2":"type-product","3":"status-publish","5":"product_cat-f","6":"pa_packungsgroesse-200-stueck","8":"first","9":"instock","10":"shipping-taxable","11":"purchasable","12":"product-type-simple"},"acf":[],"_links":{"self":[{"href":"https:\/\/www.hirtenberg-apotheke.at\/katalog\/wp-json\/wp\/v2\/product\/52769","targetHints":{"allow":["GET"]}}],"collection":[{"href":"https:\/\/www.hirtenberg-apotheke.at\/katalog\/wp-json\/wp\/v2\/product"}],"about":[{"href":"https:\/\/www.hirtenberg-apotheke.at\/katalog\/wp-json\/wp\/v2\/types\/product"}],"wp:attachment":[{"href":"https:\/\/www.hirtenberg-apotheke.at\/katalog\/wp-json\/wp\/v2\/media?parent=52769"}],"wp:term":[{"taxonomy":"product_brand","embeddable":true,"href":"https:\/\/www.hirtenberg-apotheke.at\/katalog\/wp-json\/wp\/v2\/product_brand?post=52769"},{"taxonomy":"product_cat","embeddable":true,"href":"https:\/\/www.hirtenberg-apotheke.at\/katalog\/wp-json\/wp\/v2\/product_cat?post=52769"},{"taxonomy":"product_tag","embeddable":true,"href":"https:\/\/www.hirtenberg-apotheke.at\/katalog\/wp-json\/wp\/v2\/product_tag?post=52769"}],"curies":[{"name":"wp","href":"https:\/\/api.w.org\/{rel}","templated":true}]}}