{"id":52803,"date":"2025-11-26T14:28:11","date_gmt":"2025-11-26T13:28:11","guid":{"rendered":"https:\/\/www.hirtenberg-apotheke.at\/katalog\/produkt\/ren-clearcalm-3-replenishing-creme-50-ml\/"},"modified":"2025-11-26T14:28:24","modified_gmt":"2025-11-26T13:28:24","slug":"ren-clearcalm-3-replenishing-creme-50-ml","status":"publish","type":"product","link":"https:\/\/www.hirtenberg-apotheke.at\/katalog\/produkt\/ren-clearcalm-3-replenishing-creme-50-ml\/","title":{"rendered":"Ren Clearcalm 3 Replenishing Creme 50 ml"},"content":{"rendered":"<p>Ren Clearcalm 3 Replenishing Creme ist die ideale L\u00f6sung f\u00fcr die unreine Haut, da es enge, empfindliche Haut revitalisiert und beruhigt, ohne einen Fettfilm zu hinterlassen. Diese beruhigende Gel-Creme bek\u00e4mpft die Hauptursachen f\u00fcr R\u00f6tungen und Narben. Zudem ist es effektiv und dennoch schonend zur Haut.<\/p>\n","protected":false},"excerpt":{"rendered":"<p>Ren Clearcalm 3 Replenishing Creme ist die ideale L\u00f6sung f\u00fcr die unreine Haut, da es enge, empfindliche Haut revitalisiert und beruhigt, ohne einen Fettfilm zu hinterlassen. Diese beruhigende Gel-Creme bek\u00e4mpft die Hauptursachen f\u00fcr R\u00f6tungen und Narben. Zudem ist es effektiv und dennoch schonend zur Haut.<\/p>\n","protected":false},"featured_media":0,"template":"","meta":{"_acf_changed":false},"product_brand":[],"product_cat":[311],"product_tag":[],"class_list":{"0":"post-52803","1":"product","2":"type-product","3":"status-publish","5":"product_cat-r","6":"pa_packungsgroesse-50ml","8":"first","9":"instock","10":"shipping-taxable","11":"purchasable","12":"product-type-simple"},"acf":[],"_links":{"self":[{"href":"https:\/\/www.hirtenberg-apotheke.at\/katalog\/wp-json\/wp\/v2\/product\/52803","targetHints":{"allow":["GET"]}}],"collection":[{"href":"https:\/\/www.hirtenberg-apotheke.at\/katalog\/wp-json\/wp\/v2\/product"}],"about":[{"href":"https:\/\/www.hirtenberg-apotheke.at\/katalog\/wp-json\/wp\/v2\/types\/product"}],"wp:attachment":[{"href":"https:\/\/www.hirtenberg-apotheke.at\/katalog\/wp-json\/wp\/v2\/media?parent=52803"}],"wp:term":[{"taxonomy":"product_brand","embeddable":true,"href":"https:\/\/www.hirtenberg-apotheke.at\/katalog\/wp-json\/wp\/v2\/product_brand?post=52803"},{"taxonomy":"product_cat","embeddable":true,"href":"https:\/\/www.hirtenberg-apotheke.at\/katalog\/wp-json\/wp\/v2\/product_cat?post=52803"},{"taxonomy":"product_tag","embeddable":true,"href":"https:\/\/www.hirtenberg-apotheke.at\/katalog\/wp-json\/wp\/v2\/product_tag?post=52803"}],"curies":[{"name":"wp","href":"https:\/\/api.w.org\/{rel}","templated":true}]}}