{"id":52922,"date":"2025-11-26T14:30:39","date_gmt":"2025-11-26T13:30:39","guid":{"rendered":"https:\/\/www.hirtenberg-apotheke.at\/katalog\/produkt\/sonnentor-entspannungs-kraeuterbad-50-g\/"},"modified":"2025-11-26T14:30:46","modified_gmt":"2025-11-26T13:30:46","slug":"sonnentor-entspannungs-kraeuterbad-50-g","status":"publish","type":"product","link":"https:\/\/www.hirtenberg-apotheke.at\/katalog\/produkt\/sonnentor-entspannungs-kraeuterbad-50-g\/","title":{"rendered":"Sonnentor Entspannungs Kr\u00e4uterbad 50 g"},"content":{"rendered":"<p>Das Sonnentor Entspannungs Kr\u00e4uterbad im 50 g P\u00e4ckchen sorgt f\u00fcr sinnliche Entspannung in der Badewanne. Zitronenmelisse, Lavendel, Salbei, Fenchel und viele feine \u00e4therische \u00d6le sind f\u00fcr das w\u00fcrzige Aroma und den fein-s\u00fc\u00dflichen Duft verantwortlich, der zur Erholung von K\u00f6rper und Geist beitr\u00e4gt. Einfach 3 Liter Wasser zum Kochen bringen, den Aufgussbeutel darin 15 Minuten ziehen lassen und danach die Badeessenz ins Badewasser gie\u00dfen und genie\u00dfen.<\/p>\n","protected":false},"excerpt":{"rendered":"<p>Das Sonnentor Entspannungs Kr\u00e4uterbad im 50 g P\u00e4ckchen sorgt f\u00fcr sinnliche Entspannung in der Badewanne. Zitronenmelisse, Lavendel, Salbei, Fenchel und viele feine \u00e4therische \u00d6le sind f\u00fcr das w\u00fcrzige Aroma und den fein-s\u00fc\u00dflichen Duft verantwortlich, der zur Erholung von K\u00f6rper und Geist beitr\u00e4gt. Einfach 3 Liter Wasser zum Kochen bringen, den Aufgussbeutel darin 15 Minuten ziehen [&hellip;]<\/p>\n","protected":false},"featured_media":52924,"template":"","meta":{"_acf_changed":false},"product_brand":[917],"product_cat":[303],"product_tag":[],"class_list":{"0":"post-52922","1":"product","2":"type-product","3":"status-publish","4":"has-post-thumbnail","6":"product_brand-sonnentor","7":"product_cat-s","8":"pa_packungsgroesse-50g","10":"first","11":"instock","12":"shipping-taxable","13":"purchasable","14":"product-type-simple"},"acf":[],"_links":{"self":[{"href":"https:\/\/www.hirtenberg-apotheke.at\/katalog\/wp-json\/wp\/v2\/product\/52922","targetHints":{"allow":["GET"]}}],"collection":[{"href":"https:\/\/www.hirtenberg-apotheke.at\/katalog\/wp-json\/wp\/v2\/product"}],"about":[{"href":"https:\/\/www.hirtenberg-apotheke.at\/katalog\/wp-json\/wp\/v2\/types\/product"}],"wp:featuredmedia":[{"embeddable":true,"href":"https:\/\/www.hirtenberg-apotheke.at\/katalog\/wp-json\/wp\/v2\/media\/52924"}],"wp:attachment":[{"href":"https:\/\/www.hirtenberg-apotheke.at\/katalog\/wp-json\/wp\/v2\/media?parent=52922"}],"wp:term":[{"taxonomy":"product_brand","embeddable":true,"href":"https:\/\/www.hirtenberg-apotheke.at\/katalog\/wp-json\/wp\/v2\/product_brand?post=52922"},{"taxonomy":"product_cat","embeddable":true,"href":"https:\/\/www.hirtenberg-apotheke.at\/katalog\/wp-json\/wp\/v2\/product_cat?post=52922"},{"taxonomy":"product_tag","embeddable":true,"href":"https:\/\/www.hirtenberg-apotheke.at\/katalog\/wp-json\/wp\/v2\/product_tag?post=52922"}],"curies":[{"name":"wp","href":"https:\/\/api.w.org\/{rel}","templated":true}]}}