{"id":52978,"date":"2025-11-26T14:31:32","date_gmt":"2025-11-26T13:31:32","guid":{"rendered":"https:\/\/www.hirtenberg-apotheke.at\/katalog\/produkt\/vaseline-tiegel\/"},"modified":"2025-11-26T14:31:54","modified_gmt":"2025-11-26T13:31:54","slug":"vaseline-tiegel","status":"publish","type":"product","link":"https:\/\/www.hirtenberg-apotheke.at\/katalog\/produkt\/vaseline-tiegel\/","title":{"rendered":"Vaseline Tiegel"},"content":{"rendered":"<p>Gall Pharma Vaseline ist eine praktisch wasserfreie Mischung von Kohlenwasserstoffen mit salben- bis pastenf\u00f6rmiger z\u00e4her Konsistenz ohne Geschmack und Geruch. In d\u00fcnner Schicht ist es durchscheinend. Es ist best\u00e4ndig gegen Luft und in der K\u00e4lte selbst gegen starke S\u00e4uren und Laugen resistent.<\/p>\n","protected":false},"excerpt":{"rendered":"<p>Gall Pharma Vaseline ist eine praktisch wasserfreie Mischung von Kohlenwasserstoffen mit salben- bis pastenf\u00f6rmiger z\u00e4her Konsistenz ohne Geschmack und Geruch. In d\u00fcnner Schicht ist es durchscheinend. Es ist best\u00e4ndig gegen Luft und in der K\u00e4lte selbst gegen starke S\u00e4uren und Laugen resistent.<\/p>\n","protected":false},"featured_media":0,"template":"","meta":{"_acf_changed":false},"product_brand":[316],"product_cat":[300],"product_tag":[],"class_list":{"0":"post-52978","1":"product","2":"type-product","3":"status-publish","5":"product_brand-gall-pharma","6":"product_cat-v","7":"pa_packungsgroesse-105g","9":"first","10":"instock","11":"shipping-taxable","12":"purchasable","13":"product-type-simple"},"acf":[],"_links":{"self":[{"href":"https:\/\/www.hirtenberg-apotheke.at\/katalog\/wp-json\/wp\/v2\/product\/52978","targetHints":{"allow":["GET"]}}],"collection":[{"href":"https:\/\/www.hirtenberg-apotheke.at\/katalog\/wp-json\/wp\/v2\/product"}],"about":[{"href":"https:\/\/www.hirtenberg-apotheke.at\/katalog\/wp-json\/wp\/v2\/types\/product"}],"wp:attachment":[{"href":"https:\/\/www.hirtenberg-apotheke.at\/katalog\/wp-json\/wp\/v2\/media?parent=52978"}],"wp:term":[{"taxonomy":"product_brand","embeddable":true,"href":"https:\/\/www.hirtenberg-apotheke.at\/katalog\/wp-json\/wp\/v2\/product_brand?post=52978"},{"taxonomy":"product_cat","embeddable":true,"href":"https:\/\/www.hirtenberg-apotheke.at\/katalog\/wp-json\/wp\/v2\/product_cat?post=52978"},{"taxonomy":"product_tag","embeddable":true,"href":"https:\/\/www.hirtenberg-apotheke.at\/katalog\/wp-json\/wp\/v2\/product_tag?post=52978"}],"curies":[{"name":"wp","href":"https:\/\/api.w.org\/{rel}","templated":true}]}}