{"id":52994,"date":"2025-11-26T15:43:50","date_gmt":"2025-11-26T14:43:50","guid":{"rendered":"https:\/\/www.hirtenberg-apotheke.at\/katalog\/produkt\/propax-polygon-var-h-5-x-100-stk\/"},"modified":"2025-11-26T15:44:12","modified_gmt":"2025-11-26T14:44:12","slug":"propax-polygon-var-h-5-x-100-stk","status":"publish","type":"product","link":"https:\/\/www.hirtenberg-apotheke.at\/katalog\/produkt\/propax-polygon-var-h-5-x-100-stk\/","title":{"rendered":"Propax Polygon Var H 5 x 100 Stk."},"content":{"rendered":"<p>Propax Polygon Var H 5 x 100 sind Reinigungsst\u00e4bchen mit Schaumstoffummantelung f\u00fcr eine sanfte Mundpflege. Durch die Oberfl\u00e4che des Schaumstoffs wird eine gute, mechanische Reinigung der Zunge und Mundh\u00f6hle bei einfacher und sicherer Handhabung erm\u00f6glicht<\/p>\n","protected":false},"excerpt":{"rendered":"<p>Propax Polygon Var H 5 x 100 sind Reinigungsst\u00e4bchen mit Schaumstoffummantelung f\u00fcr eine sanfte Mundpflege. Durch die Oberfl\u00e4che des Schaumstoffs wird eine gute, mechanische Reinigung der Zunge und Mundh\u00f6hle bei einfacher und sicherer Handhabung erm\u00f6glicht<\/p>\n","protected":false},"featured_media":52996,"template":"","meta":{"_acf_changed":false},"product_brand":[],"product_cat":[302],"product_tag":[],"class_list":{"0":"post-52994","1":"product","2":"type-product","3":"status-publish","4":"has-post-thumbnail","6":"product_cat-p","7":"pa_packungsgroesse-500-stueck","9":"first","10":"instock","11":"shipping-taxable","12":"purchasable","13":"product-type-simple"},"acf":[],"_links":{"self":[{"href":"https:\/\/www.hirtenberg-apotheke.at\/katalog\/wp-json\/wp\/v2\/product\/52994","targetHints":{"allow":["GET"]}}],"collection":[{"href":"https:\/\/www.hirtenberg-apotheke.at\/katalog\/wp-json\/wp\/v2\/product"}],"about":[{"href":"https:\/\/www.hirtenberg-apotheke.at\/katalog\/wp-json\/wp\/v2\/types\/product"}],"wp:featuredmedia":[{"embeddable":true,"href":"https:\/\/www.hirtenberg-apotheke.at\/katalog\/wp-json\/wp\/v2\/media\/52996"}],"wp:attachment":[{"href":"https:\/\/www.hirtenberg-apotheke.at\/katalog\/wp-json\/wp\/v2\/media?parent=52994"}],"wp:term":[{"taxonomy":"product_brand","embeddable":true,"href":"https:\/\/www.hirtenberg-apotheke.at\/katalog\/wp-json\/wp\/v2\/product_brand?post=52994"},{"taxonomy":"product_cat","embeddable":true,"href":"https:\/\/www.hirtenberg-apotheke.at\/katalog\/wp-json\/wp\/v2\/product_cat?post=52994"},{"taxonomy":"product_tag","embeddable":true,"href":"https:\/\/www.hirtenberg-apotheke.at\/katalog\/wp-json\/wp\/v2\/product_tag?post=52994"}],"curies":[{"name":"wp","href":"https:\/\/api.w.org\/{rel}","templated":true}]}}