{"id":53060,"date":"2025-11-26T15:45:15","date_gmt":"2025-11-26T14:45:15","guid":{"rendered":"https:\/\/www.hirtenberg-apotheke.at\/katalog\/produkt\/seewald-kraeuterelixier-alant-50-ml\/"},"modified":"2025-11-26T15:45:23","modified_gmt":"2025-11-26T14:45:23","slug":"seewald-kraeuterelixier-alant-50-ml","status":"publish","type":"product","link":"https:\/\/www.hirtenberg-apotheke.at\/katalog\/produkt\/seewald-kraeuterelixier-alant-50-ml\/","title":{"rendered":"SEEWALD Kr\u00e4uterelixier Alant 50 ml"},"content":{"rendered":"<p>SEEWALD Kr\u00e4uterelixier Alant ist ein Nahrungserg\u00e4nzungsmittel, dessen Zubereitung nach alter Klostertradition erfolgt. Verwendet wurde dabei die Alantwurzel zur Herstellung aus der Pflanzenfamilie der Korbbl\u00fctler, die schon seit Jahrhunderten eingesetzt wird. Alant enth\u00e4lt wertvolle \u00e4therische \u00d6le und Bitterstoffe und steht f\u00fcr Kraft, Belebung und Lebensfreude.<\/p>\n","protected":false},"excerpt":{"rendered":"<p>SEEWALD Kr\u00e4uterelixier Alant ist ein Nahrungserg\u00e4nzungsmittel, dessen Zubereitung nach alter Klostertradition erfolgt. Verwendet wurde dabei die Alantwurzel zur Herstellung aus der Pflanzenfamilie der Korbbl\u00fctler, die schon seit Jahrhunderten eingesetzt wird. Alant enth\u00e4lt wertvolle \u00e4therische \u00d6le und Bitterstoffe und steht f\u00fcr Kraft, Belebung und Lebensfreude.<\/p>\n","protected":false},"featured_media":0,"template":"","meta":{"_acf_changed":false},"product_brand":[1057],"product_cat":[303],"product_tag":[],"class_list":{"0":"post-53060","1":"product","2":"type-product","3":"status-publish","5":"product_brand-seewald","6":"product_cat-s","7":"pa_packungsgroesse-50ml","9":"first","10":"instock","11":"shipping-taxable","12":"purchasable","13":"product-type-simple"},"acf":[],"_links":{"self":[{"href":"https:\/\/www.hirtenberg-apotheke.at\/katalog\/wp-json\/wp\/v2\/product\/53060","targetHints":{"allow":["GET"]}}],"collection":[{"href":"https:\/\/www.hirtenberg-apotheke.at\/katalog\/wp-json\/wp\/v2\/product"}],"about":[{"href":"https:\/\/www.hirtenberg-apotheke.at\/katalog\/wp-json\/wp\/v2\/types\/product"}],"wp:attachment":[{"href":"https:\/\/www.hirtenberg-apotheke.at\/katalog\/wp-json\/wp\/v2\/media?parent=53060"}],"wp:term":[{"taxonomy":"product_brand","embeddable":true,"href":"https:\/\/www.hirtenberg-apotheke.at\/katalog\/wp-json\/wp\/v2\/product_brand?post=53060"},{"taxonomy":"product_cat","embeddable":true,"href":"https:\/\/www.hirtenberg-apotheke.at\/katalog\/wp-json\/wp\/v2\/product_cat?post=53060"},{"taxonomy":"product_tag","embeddable":true,"href":"https:\/\/www.hirtenberg-apotheke.at\/katalog\/wp-json\/wp\/v2\/product_tag?post=53060"}],"curies":[{"name":"wp","href":"https:\/\/api.w.org\/{rel}","templated":true}]}}