{"id":53099,"date":"2025-11-26T15:45:37","date_gmt":"2025-11-26T14:45:37","guid":{"rendered":"https:\/\/www.hirtenberg-apotheke.at\/katalog\/produkt\/melasan-lysin-c-kapseln-60-stk\/"},"modified":"2025-11-26T15:46:08","modified_gmt":"2025-11-26T14:46:08","slug":"melasan-lysin-c-kapseln-60-stk","status":"publish","type":"product","link":"https:\/\/www.hirtenberg-apotheke.at\/katalog\/produkt\/melasan-lysin-c-kapseln-60-stk\/","title":{"rendered":"Melasan Lysin C Kapseln 60 Stk."},"content":{"rendered":"<p>Melasan Lysin C Kapseln 60 Stk. liefern die essentielle Aminos\u00e4ure L-Lysin welches vom K\u00f6rper selbst nicht hergestellt werden kann sondern vorwiegend \u00fcber tierische Lebensmittel aufgenommen wird, zusammen mit Vitamin C wird das Immunsystem unterst\u00fctzt. F\u00fcr Veganer &#038; Vegetarier geeignet.<\/p>\n","protected":false},"excerpt":{"rendered":"<p>Melasan Lysin C Kapseln 60 Stk. liefern die essentielle Aminos\u00e4ure L-Lysin welches vom K\u00f6rper selbst nicht hergestellt werden kann sondern vorwiegend \u00fcber tierische Lebensmittel aufgenommen wird, zusammen mit Vitamin C wird das Immunsystem unterst\u00fctzt. F\u00fcr Veganer &#038; Vegetarier geeignet.<\/p>\n","protected":false},"featured_media":53101,"template":"","meta":{"_acf_changed":false},"product_brand":[323],"product_cat":[308],"product_tag":[],"class_list":{"0":"post-53099","1":"product","2":"type-product","3":"status-publish","4":"has-post-thumbnail","6":"product_brand-melasan","7":"product_cat-m","8":"pa_packungsgroesse-60-stueck","10":"first","11":"instock","12":"shipping-taxable","13":"purchasable","14":"product-type-simple"},"acf":[],"_links":{"self":[{"href":"https:\/\/www.hirtenberg-apotheke.at\/katalog\/wp-json\/wp\/v2\/product\/53099","targetHints":{"allow":["GET"]}}],"collection":[{"href":"https:\/\/www.hirtenberg-apotheke.at\/katalog\/wp-json\/wp\/v2\/product"}],"about":[{"href":"https:\/\/www.hirtenberg-apotheke.at\/katalog\/wp-json\/wp\/v2\/types\/product"}],"wp:featuredmedia":[{"embeddable":true,"href":"https:\/\/www.hirtenberg-apotheke.at\/katalog\/wp-json\/wp\/v2\/media\/53101"}],"wp:attachment":[{"href":"https:\/\/www.hirtenberg-apotheke.at\/katalog\/wp-json\/wp\/v2\/media?parent=53099"}],"wp:term":[{"taxonomy":"product_brand","embeddable":true,"href":"https:\/\/www.hirtenberg-apotheke.at\/katalog\/wp-json\/wp\/v2\/product_brand?post=53099"},{"taxonomy":"product_cat","embeddable":true,"href":"https:\/\/www.hirtenberg-apotheke.at\/katalog\/wp-json\/wp\/v2\/product_cat?post=53099"},{"taxonomy":"product_tag","embeddable":true,"href":"https:\/\/www.hirtenberg-apotheke.at\/katalog\/wp-json\/wp\/v2\/product_tag?post=53099"}],"curies":[{"name":"wp","href":"https:\/\/api.w.org\/{rel}","templated":true}]}}