{"id":53312,"date":"2025-11-26T15:50:21","date_gmt":"2025-11-26T14:50:21","guid":{"rendered":"https:\/\/www.hirtenberg-apotheke.at\/katalog\/produkt\/zell-oxygen-trituration-immunkomplex-750-ml\/"},"modified":"2025-11-26T15:50:33","modified_gmt":"2025-11-26T14:50:33","slug":"zell-oxygen-trituration-immunkomplex-750-ml","status":"publish","type":"product","link":"https:\/\/www.hirtenberg-apotheke.at\/katalog\/produkt\/zell-oxygen-trituration-immunkomplex-750-ml\/","title":{"rendered":"Zell oxygen Trituration Immunkomplex 750 ml"},"content":{"rendered":"<p>Zell oxygen Trituration Immunkomplex ist Kombipr\u00e4parat mit erstklassigen bioaktiven Substanzen, Vitaminen und Spurenelementen. Die hochwertigen Antioxidatien stammen aus ausgew\u00e4hlten Obst- und Gem\u00fcsekonzentraten. Erh\u00e4ltlich in den Varianten 250ml und 750ml.<\/p>\n","protected":false},"excerpt":{"rendered":"<p>Zell oxygen Trituration Immunkomplex ist Kombipr\u00e4parat mit erstklassigen bioaktiven Substanzen, Vitaminen und Spurenelementen. Die hochwertigen Antioxidatien stammen aus ausgew\u00e4hlten Obst- und Gem\u00fcsekonzentraten. Erh\u00e4ltlich in den Varianten 250ml und 750ml.<\/p>\n","protected":false},"featured_media":0,"template":"","meta":{"_acf_changed":false},"product_brand":[],"product_cat":[325],"product_tag":[],"class_list":{"0":"post-53312","1":"product","2":"type-product","3":"status-publish","5":"product_cat-z","6":"pa_packungsgroesse-3-stueck","8":"first","9":"instock","10":"shipping-taxable","11":"purchasable","12":"product-type-simple"},"acf":[],"_links":{"self":[{"href":"https:\/\/www.hirtenberg-apotheke.at\/katalog\/wp-json\/wp\/v2\/product\/53312","targetHints":{"allow":["GET"]}}],"collection":[{"href":"https:\/\/www.hirtenberg-apotheke.at\/katalog\/wp-json\/wp\/v2\/product"}],"about":[{"href":"https:\/\/www.hirtenberg-apotheke.at\/katalog\/wp-json\/wp\/v2\/types\/product"}],"wp:attachment":[{"href":"https:\/\/www.hirtenberg-apotheke.at\/katalog\/wp-json\/wp\/v2\/media?parent=53312"}],"wp:term":[{"taxonomy":"product_brand","embeddable":true,"href":"https:\/\/www.hirtenberg-apotheke.at\/katalog\/wp-json\/wp\/v2\/product_brand?post=53312"},{"taxonomy":"product_cat","embeddable":true,"href":"https:\/\/www.hirtenberg-apotheke.at\/katalog\/wp-json\/wp\/v2\/product_cat?post=53312"},{"taxonomy":"product_tag","embeddable":true,"href":"https:\/\/www.hirtenberg-apotheke.at\/katalog\/wp-json\/wp\/v2\/product_tag?post=53312"}],"curies":[{"name":"wp","href":"https:\/\/api.w.org\/{rel}","templated":true}]}}