{"id":53357,"date":"2025-11-26T15:51:01","date_gmt":"2025-11-26T14:51:01","guid":{"rendered":"https:\/\/www.hirtenberg-apotheke.at\/katalog\/produkt\/mvo-duschoel-200-ml\/"},"modified":"2025-11-26T15:51:40","modified_gmt":"2025-11-26T14:51:40","slug":"mvo-duschoel-200-ml","status":"publish","type":"product","link":"https:\/\/www.hirtenberg-apotheke.at\/katalog\/produkt\/mvo-duschoel-200-ml\/","title":{"rendered":"MvO Dusch\u00f6l 200 ml"},"content":{"rendered":"<p>MvO Dusch\u00f6l enth\u00e4lt \u00fcber 60% nat\u00fcrliche Pflanzen\u00f6le. Es ist geeignet zur Pflege trockener, empfindlicher und schuppiger Haut. Hochwertige Pflanzen\u00f6le wie Mandel-, Rizinus-, Macadamia- und Soja\u00f6l sowie hautverwandte Ceramide versorgen die Haut mit essentiellen Fetts\u00e4uren und Vitaminen.<\/p>\n","protected":false},"excerpt":{"rendered":"<p>MvO Dusch\u00f6l enth\u00e4lt \u00fcber 60% nat\u00fcrliche Pflanzen\u00f6le. Es ist geeignet zur Pflege trockener, empfindlicher und schuppiger Haut. Hochwertige Pflanzen\u00f6le wie Mandel-, Rizinus-, Macadamia- und Soja\u00f6l sowie hautverwandte Ceramide versorgen die Haut mit essentiellen Fetts\u00e4uren und Vitaminen.<\/p>\n","protected":false},"featured_media":53359,"template":"","meta":{"_acf_changed":false},"product_brand":[],"product_cat":[308],"product_tag":[],"class_list":{"0":"post-53357","1":"product","2":"type-product","3":"status-publish","4":"has-post-thumbnail","6":"product_cat-m","7":"pa_packungsgroesse-200ml","9":"first","10":"instock","11":"shipping-taxable","12":"purchasable","13":"product-type-simple"},"acf":[],"_links":{"self":[{"href":"https:\/\/www.hirtenberg-apotheke.at\/katalog\/wp-json\/wp\/v2\/product\/53357","targetHints":{"allow":["GET"]}}],"collection":[{"href":"https:\/\/www.hirtenberg-apotheke.at\/katalog\/wp-json\/wp\/v2\/product"}],"about":[{"href":"https:\/\/www.hirtenberg-apotheke.at\/katalog\/wp-json\/wp\/v2\/types\/product"}],"wp:featuredmedia":[{"embeddable":true,"href":"https:\/\/www.hirtenberg-apotheke.at\/katalog\/wp-json\/wp\/v2\/media\/53359"}],"wp:attachment":[{"href":"https:\/\/www.hirtenberg-apotheke.at\/katalog\/wp-json\/wp\/v2\/media?parent=53357"}],"wp:term":[{"taxonomy":"product_brand","embeddable":true,"href":"https:\/\/www.hirtenberg-apotheke.at\/katalog\/wp-json\/wp\/v2\/product_brand?post=53357"},{"taxonomy":"product_cat","embeddable":true,"href":"https:\/\/www.hirtenberg-apotheke.at\/katalog\/wp-json\/wp\/v2\/product_cat?post=53357"},{"taxonomy":"product_tag","embeddable":true,"href":"https:\/\/www.hirtenberg-apotheke.at\/katalog\/wp-json\/wp\/v2\/product_tag?post=53357"}],"curies":[{"name":"wp","href":"https:\/\/api.w.org\/{rel}","templated":true}]}}