{"id":53392,"date":"2025-11-26T15:52:07","date_gmt":"2025-11-26T14:52:07","guid":{"rendered":"https:\/\/www.hirtenberg-apotheke.at\/katalog\/produkt\/hafesan-eisen-kupfer-vitamin-c-kapseln-60-stk\/"},"modified":"2025-11-26T15:52:28","modified_gmt":"2025-11-26T14:52:28","slug":"hafesan-eisen-kupfer-vitamin-c-kapseln-60-stk","status":"publish","type":"product","link":"https:\/\/www.hirtenberg-apotheke.at\/katalog\/produkt\/hafesan-eisen-kupfer-vitamin-c-kapseln-60-stk\/","title":{"rendered":"Hafesan Eisen Kupfer Vitamin C Kapseln 60 Stk."},"content":{"rendered":"<p>Hafesan\u00ae Eisen Kupfer Vitamin C Kapseln enthalten Inhaltsstoffe die wichtig f\u00fcr den Sauerstofftransport im K\u00f6rper, f\u00fcr das Immunsystem und die geistige Funktion sind.<\/p>\n","protected":false},"excerpt":{"rendered":"<p>Hafesan\u00ae Eisen Kupfer Vitamin C Kapseln enthalten Inhaltsstoffe die wichtig f\u00fcr den Sauerstofftransport im K\u00f6rper, f\u00fcr das Immunsystem und die geistige Funktion sind.<\/p>\n","protected":false},"featured_media":53394,"template":"","meta":{"_acf_changed":false},"product_brand":[329],"product_cat":[330],"product_tag":[],"class_list":{"0":"post-53392","1":"product","2":"type-product","3":"status-publish","4":"has-post-thumbnail","6":"product_brand-hafesan","7":"product_cat-h","8":"pa_packungsgroesse-60-stueck","10":"first","11":"instock","12":"shipping-taxable","13":"purchasable","14":"product-type-simple"},"acf":[],"_links":{"self":[{"href":"https:\/\/www.hirtenberg-apotheke.at\/katalog\/wp-json\/wp\/v2\/product\/53392","targetHints":{"allow":["GET"]}}],"collection":[{"href":"https:\/\/www.hirtenberg-apotheke.at\/katalog\/wp-json\/wp\/v2\/product"}],"about":[{"href":"https:\/\/www.hirtenberg-apotheke.at\/katalog\/wp-json\/wp\/v2\/types\/product"}],"wp:featuredmedia":[{"embeddable":true,"href":"https:\/\/www.hirtenberg-apotheke.at\/katalog\/wp-json\/wp\/v2\/media\/53394"}],"wp:attachment":[{"href":"https:\/\/www.hirtenberg-apotheke.at\/katalog\/wp-json\/wp\/v2\/media?parent=53392"}],"wp:term":[{"taxonomy":"product_brand","embeddable":true,"href":"https:\/\/www.hirtenberg-apotheke.at\/katalog\/wp-json\/wp\/v2\/product_brand?post=53392"},{"taxonomy":"product_cat","embeddable":true,"href":"https:\/\/www.hirtenberg-apotheke.at\/katalog\/wp-json\/wp\/v2\/product_cat?post=53392"},{"taxonomy":"product_tag","embeddable":true,"href":"https:\/\/www.hirtenberg-apotheke.at\/katalog\/wp-json\/wp\/v2\/product_tag?post=53392"}],"curies":[{"name":"wp","href":"https:\/\/api.w.org\/{rel}","templated":true}]}}