{"id":53429,"date":"2025-11-26T15:53:00","date_gmt":"2025-11-26T14:53:00","guid":{"rendered":"https:\/\/www.hirtenberg-apotheke.at\/katalog\/produkt\/zeinpharma-optimsm-pulver-400-g\/"},"modified":"2025-11-26T15:53:07","modified_gmt":"2025-11-26T14:53:07","slug":"zeinpharma-optimsm-pulver-400-g","status":"publish","type":"product","link":"https:\/\/www.hirtenberg-apotheke.at\/katalog\/produkt\/zeinpharma-optimsm-pulver-400-g\/","title":{"rendered":"ZeinPharma OptiMSM Pulver 400 g"},"content":{"rendered":"<p>ZeinPharma OptiMSM Pulver tr\u00e4gt das FSSC 22.000 -Zertifikat. Dieses Zertifikat zeigt, dass das MSM Pulver unter der Norm zur Gew\u00e4hrleistung der Lebensmittelsicherheit produziert wird. Diese Norm gew\u00e4hrleistet, dass es sich bei dem Rohstoff w\u00e4hrend der gesamten Herstellung um ein sicheres Lebensmittel handelt.<\/p>\n","protected":false},"excerpt":{"rendered":"<p>ZeinPharma OptiMSM Pulver tr\u00e4gt das FSSC 22.000 -Zertifikat. Dieses Zertifikat zeigt, dass das MSM Pulver unter der Norm zur Gew\u00e4hrleistung der Lebensmittelsicherheit produziert wird. Diese Norm gew\u00e4hrleistet, dass es sich bei dem Rohstoff w\u00e4hrend der gesamten Herstellung um ein sicheres Lebensmittel handelt.<\/p>\n","protected":false},"featured_media":53431,"template":"","meta":{"_acf_changed":false},"product_brand":[],"product_cat":[325],"product_tag":[],"class_list":{"0":"post-53429","1":"product","2":"type-product","3":"status-publish","4":"has-post-thumbnail","6":"product_cat-z","7":"pa_packungsgroesse-400g","9":"first","10":"instock","11":"shipping-taxable","12":"purchasable","13":"product-type-simple"},"acf":[],"_links":{"self":[{"href":"https:\/\/www.hirtenberg-apotheke.at\/katalog\/wp-json\/wp\/v2\/product\/53429","targetHints":{"allow":["GET"]}}],"collection":[{"href":"https:\/\/www.hirtenberg-apotheke.at\/katalog\/wp-json\/wp\/v2\/product"}],"about":[{"href":"https:\/\/www.hirtenberg-apotheke.at\/katalog\/wp-json\/wp\/v2\/types\/product"}],"wp:featuredmedia":[{"embeddable":true,"href":"https:\/\/www.hirtenberg-apotheke.at\/katalog\/wp-json\/wp\/v2\/media\/53431"}],"wp:attachment":[{"href":"https:\/\/www.hirtenberg-apotheke.at\/katalog\/wp-json\/wp\/v2\/media?parent=53429"}],"wp:term":[{"taxonomy":"product_brand","embeddable":true,"href":"https:\/\/www.hirtenberg-apotheke.at\/katalog\/wp-json\/wp\/v2\/product_brand?post=53429"},{"taxonomy":"product_cat","embeddable":true,"href":"https:\/\/www.hirtenberg-apotheke.at\/katalog\/wp-json\/wp\/v2\/product_cat?post=53429"},{"taxonomy":"product_tag","embeddable":true,"href":"https:\/\/www.hirtenberg-apotheke.at\/katalog\/wp-json\/wp\/v2\/product_tag?post=53429"}],"curies":[{"name":"wp","href":"https:\/\/api.w.org\/{rel}","templated":true}]}}